{"id":269,"date":"2021-09-10T21:06:35","date_gmt":"2021-09-10T18:06:35","guid":{"rendered":"https:\/\/www.aronyaid.fi\/?page_id=269"},"modified":"2024-03-06T17:05:16","modified_gmt":"2024-03-06T14:05:16","slug":"meista","status":"publish","type":"page","link":"https:\/\/www.aronyaid.fi\/index.php\/meista\/","title":{"rendered":"Meist\u00e4"},"content":{"rendered":"\n<div class=\"wp-block-columns is-layout-flex wp-container-core-columns-is-layout-9d6595d7 wp-block-columns-is-layout-flex\">\n<div class=\"wp-block-column is-layout-flow wp-block-column-is-layout-flow\">\n<div id=\"section-g7493bb\" class=\"wp-block-gutentor-e6 section-g7493bb gutentor-element gutentor-element-image\"><div class=\"gutentor-element-image-box\"><div class=\"gutentor-image-thumb\"><img decoding=\"async\" class=\"normal-image\" src=\"https:\/\/www.aronyaid.fi\/wp-content\/uploads\/2021\/09\/20210903_093006-1-scaled.jpg\" \/><\/div><\/div><\/div>\n\n\n\n<div style=\"height:100px\" aria-hidden=\"true\" class=\"wp-block-spacer\"><\/div>\n\n\n\n<h2 class=\"wp-block-heading has-large-font-size\">Kaia Robi<\/h2>\n\n\n\n<p class=\"has-medium-font-size\">Kaialla on laaja kokemus sek\u00e4 anestesiologiasta, ensihoidosta, ett\u00e4 tehohoidosta. <br><\/p>\n\n\n\n<hr class=\"wp-block-separator has-css-opacity is-style-default\"\/>\n\n\n\n<p class=\"has-medium-font-size\">H\u00e4n on n\u00e4hnyt tehohoitoa monesta eri n\u00e4k\u00f6kulmasta: h\u00e4n on toiminut niin sairaala-apulaisena, hoitajana kuin l\u00e4\u00e4k\u00e4rin\u00e4kin. Kokemusta on karttunut melkein 25 vuotta. Sairaalan ulkopuolelta kokemusta on useamman vuoden ajan my\u00f6s &#8221;kentt\u00e4olosuhteista&#8221; &#8211; h\u00e4n on toiminut ambulanssissa niin hoitajana kuin l\u00e4\u00e4k\u00e4rin\u00e4kin. <\/p>\n\n\n\n<p class=\"has-medium-font-size\"><br>10 vuoden verran h\u00e4n on hakenut kokemusta my\u00f6s syd\u00e4nanestesiologiasta ja siihen liittyv\u00e4st\u00e4 tehohoidosta. ECMO ja muut \u00e4\u00e4riolosuhteiden hoitomenetelm\u00e4t ovat tulleet n\u00e4in olleen hyvin tutuiksi.<\/p>\n\n\n\n<p class=\"has-medium-font-size\"><br>H\u00e4n on toiminut useita vuosia &#8221;ulkoanestesioista&#8221; vastaavana l\u00e4\u00e4k\u00e4rin\u00e4 ja kehitt\u00e4nyt ja ollut ottamassa k\u00e4ytt\u00f6\u00f6n monia uusia toimintatapoja. Erilaiset toimintaymp\u00e4rist\u00f6t (angiografiasalit, hybridisalit ja muut toimenpidehuoneet), niihin liittyv\u00e4t riskit ja niiden minimoiminen ovat h\u00e4nelle hyvin tuttuja. <\/p>\n\n\n\n<hr class=\"wp-block-separator has-css-opacity\"\/>\n\n\n\n<p class=\"has-medium-font-size\">Viemisin\u00e4 vuosina ty\u00f6n p\u00e4\u00e4asiallinen painopiste on ollut tehohoidossa, mutta my\u00f6s yksityisell\u00e4 puolella anestesiassa. H\u00e4n on my\u00f6s yksi harvoja esteettisen plastiikkakirurgian parissa toimivia naisanestesiologeja. <\/p>\n\n\n\n<p class=\"has-medium-font-size\">T\u00e4ll\u00e4 hetkell\u00e4 h\u00e4n suorittaa loppusuoralla my\u00f6s eurooppalaista tehohoidon erityisp\u00e4tevyytt\u00e4 (EDIC).<\/p>\n\n\n\n<hr class=\"wp-block-separator has-css-opacity\"\/>\n\n\n\n<p class=\"has-medium-font-size\"><br>Yrityksess\u00e4mme Kaian vastuulla on plastiikkakirurgiset anestesiat, KNK ja hammasanestesiat, sek\u00e4 potilaskonsultaatiot ja neuvonta.  <\/p>\n<\/div>\n\n\n\n<div class=\"wp-block-column is-layout-flow wp-block-column-is-layout-flow\">\n<div id=\"section-gea84e1\" class=\"wp-block-gutentor-e6 section-gea84e1 gutentor-element gutentor-element-image\"><div class=\"gutentor-element-image-box\"><div class=\"gutentor-image-thumb\"><img decoding=\"async\" class=\"normal-image\" src=\"https:\/\/www.aronyaid.fi\/wp-content\/uploads\/2021\/09\/20210903_092825-1-scaled.jpg\" \/><\/div><\/div><\/div>\n\n\n\n<div style=\"height:100px\" aria-hidden=\"true\" class=\"wp-block-spacer\"><\/div>\n\n\n\n<h2 class=\"wp-block-heading has-large-font-size\">Teho Peetsu<\/h2>\n\n\n\n<p class=\"has-medium-font-size\">My\u00f6s Teholla pitk\u00e4 kokemus sek\u00e4 anestesiologiasta, ensihoidosta, ett\u00e4 tehohoidosta. <br><\/p>\n\n\n\n<hr class=\"wp-block-separator has-css-opacity\"\/>\n\n\n\n<p class=\"has-medium-font-size\">Kaian tavoin h\u00e4nkin on n\u00e4hnyt niin tehohoitoa, kuin ensihoitoakin eri ty\u00f6teht\u00e4viss\u00e4 &#8211; sairaala-apulaisen, vahtimestarin, hoitajan, l\u00e4\u00e4k\u00e4rin, mutta my\u00f6s apulaisylil\u00e4\u00e4k\u00e4rin ja ylil\u00e4\u00e4k\u00e4rin ty\u00f6teht\u00e4viss\u00e4.  <\/p>\n\n\n\n<p class=\"has-medium-font-size\">Ty\u00f6kokemusta sairaalaymp\u00e4rist\u00f6st\u00e4 on karttunut yhteens\u00e4 yli 25 vuotta. <\/p>\n\n\n\n<p class=\"has-medium-font-size\"><br>Yli 10 vuoden my\u00f6s on toiminut syd\u00e4nanestesiologian parissa, painopisteen\u00e4 siihen liittyv\u00e4 tehohoito. <\/p>\n\n\n\n<p class=\"has-medium-font-size\">H\u00e4n on toiminut useita vuosia thoraxkirurgisen anestesian vastuul\u00e4\u00e4k\u00e4ri, mutta samalla kehitt\u00e4nyt syd\u00e4nanestesiologista tehohoitoa.<\/p>\n\n\n\n<p class=\"has-medium-font-size\">H\u00e4n on suunnitellut ja k\u00e4ynnist\u00e4nyt kokonaan uutena toimintona sairaalan akuutin kivunhoidon yksik\u00f6n (APS &#8211; acute pain service). <\/p>\n\n\n\n<p class=\"has-medium-font-size\">H\u00e4n on ollut p\u00e4\u00e4vastuussa suunnittelemassa ja k\u00e4ytt\u00f6\u00f6n ottamassa uutta leikkausyksikk\u00f6\u00e4 ja mukana my\u00f6s suunnittelemassa ja k\u00e4ytt\u00f6\u00f6n ottamassa uuta teho-osastoa. <\/p>\n\n\n\n<p class=\"has-medium-font-size\">Muun ohella h\u00e4n on ollut p\u00e4\u00e4vastuussa kehitt\u00e4m\u00e4ss\u00e4, sunnitelemassa ja k\u00e4ytt\u00f6\u00f6n ottamassa s\u00e4hk\u00f6ist\u00e4 anestesiatietoj\u00e4rjestelm\u00e4\u00e4, samalla my\u00f6s kehitt\u00e4m\u00e4ss\u00e4 tehohoitotietoj\u00e4rjestelm\u00e4\u00e4, erityisesti sen &#8221;AI&#8221; (Artificial intelligence) kykyj\u00e4.  <\/p>\n\n\n\n<hr class=\"wp-block-separator has-css-opacity\"\/>\n\n\n\n<p class=\"has-medium-font-size\">Yrityksess\u00e4mme Tehon vastuulla on toimitusjohtajan teht\u00e4vien lis\u00e4ksi konsultaatiot liittyen turvallisuuskartoituksiin, toiminaan tehostamiseen, tietoj\u00e4rjestelm\u00e4kehitykset; l\u00e4\u00e4ketieteellisell\u00e4 puolella tehohoito, ortopedia, koulutukset.   <\/p>\n<\/div>\n<\/div>\n","protected":false},"excerpt":{"rendered":"<p>Kaia Robi Kaialla on laaja kokemus sek\u00e4 anestesiologiasta, ensihoidosta, ett\u00e4 tehohoidosta. H\u00e4n on n\u00e4hnyt tehohoitoa monesta eri n\u00e4k\u00f6kulmasta: h\u00e4n on toiminut niin sairaala-apulaisena, hoitajana kuin l\u00e4\u00e4k\u00e4rin\u00e4kin. Kokemusta on karttunut melkein 25 vuotta. Sairaalan ulkopuolelta kokemusta on useamman vuoden ajan my\u00f6s &#8221;kentt\u00e4olosuhteista&#8221; &#8211; h\u00e4n on toiminut ambulanssissa niin hoitajana kuin l\u00e4\u00e4k\u00e4rin\u00e4kin. 10 vuoden verran h\u00e4n on&hellip;<\/p>\n","protected":false},"author":1,"featured_media":0,"parent":0,"menu_order":0,"comment_status":"closed","ping_status":"closed","template":"","meta":{"footnotes":""},"class_list":["post-269","page","type-page","status-publish","hentry"],"yoast_head":"<!-- This site is optimized with the Yoast SEO plugin v27.4 - https:\/\/yoast.com\/product\/yoast-seo-wordpress\/ -->\n<title>Meist\u00e4 - AronyAid Oy<\/title>\n<meta name=\"robots\" content=\"index, follow, max-snippet:-1, max-image-preview:large, max-video-preview:-1\" \/>\n<link rel=\"canonical\" href=\"https:\/\/www.aronyaid.fi\/index.php\/meista\/\" \/>\n<meta property=\"og:locale\" content=\"fi_FI\" \/>\n<meta property=\"og:type\" content=\"article\" \/>\n<meta property=\"og:title\" content=\"Meist\u00e4 - AronyAid Oy\" \/>\n<meta property=\"og:description\" content=\"Kaia Robi Kaialla on laaja kokemus sek\u00e4 anestesiologiasta, ensihoidosta, ett\u00e4 tehohoidosta. H\u00e4n on n\u00e4hnyt tehohoitoa monesta eri n\u00e4k\u00f6kulmasta: h\u00e4n on toiminut niin sairaala-apulaisena, hoitajana kuin l\u00e4\u00e4k\u00e4rin\u00e4kin. Kokemusta on karttunut melkein 25 vuotta. Sairaalan ulkopuolelta kokemusta on useamman vuoden ajan my\u00f6s &#8221;kentt\u00e4olosuhteista&#8221; &#8211; h\u00e4n on toiminut ambulanssissa niin hoitajana kuin l\u00e4\u00e4k\u00e4rin\u00e4kin. 10 vuoden verran h\u00e4n on&hellip;\" \/>\n<meta property=\"og:url\" content=\"https:\/\/www.aronyaid.fi\/index.php\/meista\/\" \/>\n<meta property=\"og:site_name\" content=\"AronyAid Oy\" \/>\n<meta property=\"article:modified_time\" content=\"2024-03-06T14:05:16+00:00\" \/>\n<meta property=\"og:image\" content=\"https:\/\/www.aronyaid.fi\/wp-content\/uploads\/2021\/09\/20210903_093006-1-scaled.jpg\" \/>\n<meta name=\"twitter:card\" content=\"summary_large_image\" \/>\n<meta name=\"twitter:label1\" content=\"Arvioitu lukuaika\" \/>\n\t<meta name=\"twitter:data1\" content=\"3 minuuttia\" \/>\n<script type=\"application\/ld+json\" class=\"yoast-schema-graph\">{\"@context\":\"https:\\\/\\\/schema.org\",\"@graph\":[{\"@type\":\"WebPage\",\"@id\":\"https:\\\/\\\/www.aronyaid.fi\\\/index.php\\\/meista\\\/\",\"url\":\"https:\\\/\\\/www.aronyaid.fi\\\/index.php\\\/meista\\\/\",\"name\":\"Meist\u00e4 - AronyAid Oy\",\"isPartOf\":{\"@id\":\"https:\\\/\\\/www.aronyaid.fi\\\/#website\"},\"primaryImageOfPage\":{\"@id\":\"https:\\\/\\\/www.aronyaid.fi\\\/index.php\\\/meista\\\/#primaryimage\"},\"image\":{\"@id\":\"https:\\\/\\\/www.aronyaid.fi\\\/index.php\\\/meista\\\/#primaryimage\"},\"thumbnailUrl\":\"https:\\\/\\\/www.aronyaid.fi\\\/wp-content\\\/uploads\\\/2021\\\/09\\\/20210903_093006-1-scaled.jpg\",\"datePublished\":\"2021-09-10T18:06:35+00:00\",\"dateModified\":\"2024-03-06T14:05:16+00:00\",\"breadcrumb\":{\"@id\":\"https:\\\/\\\/www.aronyaid.fi\\\/index.php\\\/meista\\\/#breadcrumb\"},\"inLanguage\":\"fi\",\"potentialAction\":[{\"@type\":\"ReadAction\",\"target\":[\"https:\\\/\\\/www.aronyaid.fi\\\/index.php\\\/meista\\\/\"]}]},{\"@type\":\"ImageObject\",\"inLanguage\":\"fi\",\"@id\":\"https:\\\/\\\/www.aronyaid.fi\\\/index.php\\\/meista\\\/#primaryimage\",\"url\":\"https:\\\/\\\/www.aronyaid.fi\\\/wp-content\\\/uploads\\\/2021\\\/09\\\/20210903_093006-1-scaled.jpg\",\"contentUrl\":\"https:\\\/\\\/www.aronyaid.fi\\\/wp-content\\\/uploads\\\/2021\\\/09\\\/20210903_093006-1-scaled.jpg\",\"width\":1440,\"height\":2560},{\"@type\":\"BreadcrumbList\",\"@id\":\"https:\\\/\\\/www.aronyaid.fi\\\/index.php\\\/meista\\\/#breadcrumb\",\"itemListElement\":[{\"@type\":\"ListItem\",\"position\":1,\"name\":\"Etusivu\",\"item\":\"https:\\\/\\\/www.aronyaid.fi\\\/\"},{\"@type\":\"ListItem\",\"position\":2,\"name\":\"Meist\u00e4\"}]},{\"@type\":\"WebSite\",\"@id\":\"https:\\\/\\\/www.aronyaid.fi\\\/#website\",\"url\":\"https:\\\/\\\/www.aronyaid.fi\\\/\",\"name\":\"AronyAid Oy\",\"description\":\"Anestesiapalvelut ja tehohoito\",\"publisher\":{\"@id\":\"https:\\\/\\\/www.aronyaid.fi\\\/#organization\"},\"potentialAction\":[{\"@type\":\"SearchAction\",\"target\":{\"@type\":\"EntryPoint\",\"urlTemplate\":\"https:\\\/\\\/www.aronyaid.fi\\\/?s={search_term_string}\"},\"query-input\":{\"@type\":\"PropertyValueSpecification\",\"valueRequired\":true,\"valueName\":\"search_term_string\"}}],\"inLanguage\":\"fi\"},{\"@type\":\"Organization\",\"@id\":\"https:\\\/\\\/www.aronyaid.fi\\\/#organization\",\"name\":\"AronyAid Oy\",\"url\":\"https:\\\/\\\/www.aronyaid.fi\\\/\",\"logo\":{\"@type\":\"ImageObject\",\"inLanguage\":\"fi\",\"@id\":\"https:\\\/\\\/www.aronyaid.fi\\\/#\\\/schema\\\/logo\\\/image\\\/\",\"url\":\"https:\\\/\\\/www.aronyaid.fi\\\/wp-content\\\/uploads\\\/2021\\\/08\\\/cropped-AronyAid-valge-kitsas-logo-1-scaled-1.jpg\",\"contentUrl\":\"https:\\\/\\\/www.aronyaid.fi\\\/wp-content\\\/uploads\\\/2021\\\/08\\\/cropped-AronyAid-valge-kitsas-logo-1-scaled-1.jpg\",\"width\":2560,\"height\":828,\"caption\":\"AronyAid Oy\"},\"image\":{\"@id\":\"https:\\\/\\\/www.aronyaid.fi\\\/#\\\/schema\\\/logo\\\/image\\\/\"}}]}<\/script>\n<!-- \/ Yoast SEO plugin. -->","yoast_head_json":{"title":"Meist\u00e4 - AronyAid Oy","robots":{"index":"index","follow":"follow","max-snippet":"max-snippet:-1","max-image-preview":"max-image-preview:large","max-video-preview":"max-video-preview:-1"},"canonical":"https:\/\/www.aronyaid.fi\/index.php\/meista\/","og_locale":"fi_FI","og_type":"article","og_title":"Meist\u00e4 - AronyAid Oy","og_description":"Kaia Robi Kaialla on laaja kokemus sek\u00e4 anestesiologiasta, ensihoidosta, ett\u00e4 tehohoidosta. H\u00e4n on n\u00e4hnyt tehohoitoa monesta eri n\u00e4k\u00f6kulmasta: h\u00e4n on toiminut niin sairaala-apulaisena, hoitajana kuin l\u00e4\u00e4k\u00e4rin\u00e4kin. Kokemusta on karttunut melkein 25 vuotta. Sairaalan ulkopuolelta kokemusta on useamman vuoden ajan my\u00f6s &#8221;kentt\u00e4olosuhteista&#8221; &#8211; h\u00e4n on toiminut ambulanssissa niin hoitajana kuin l\u00e4\u00e4k\u00e4rin\u00e4kin. 10 vuoden verran h\u00e4n on&hellip;","og_url":"https:\/\/www.aronyaid.fi\/index.php\/meista\/","og_site_name":"AronyAid Oy","article_modified_time":"2024-03-06T14:05:16+00:00","og_image":[{"url":"https:\/\/www.aronyaid.fi\/wp-content\/uploads\/2021\/09\/20210903_093006-1-scaled.jpg","type":"","width":"","height":""}],"twitter_card":"summary_large_image","twitter_misc":{"Arvioitu lukuaika":"3 minuuttia"},"schema":{"@context":"https:\/\/schema.org","@graph":[{"@type":"WebPage","@id":"https:\/\/www.aronyaid.fi\/index.php\/meista\/","url":"https:\/\/www.aronyaid.fi\/index.php\/meista\/","name":"Meist\u00e4 - AronyAid Oy","isPartOf":{"@id":"https:\/\/www.aronyaid.fi\/#website"},"primaryImageOfPage":{"@id":"https:\/\/www.aronyaid.fi\/index.php\/meista\/#primaryimage"},"image":{"@id":"https:\/\/www.aronyaid.fi\/index.php\/meista\/#primaryimage"},"thumbnailUrl":"https:\/\/www.aronyaid.fi\/wp-content\/uploads\/2021\/09\/20210903_093006-1-scaled.jpg","datePublished":"2021-09-10T18:06:35+00:00","dateModified":"2024-03-06T14:05:16+00:00","breadcrumb":{"@id":"https:\/\/www.aronyaid.fi\/index.php\/meista\/#breadcrumb"},"inLanguage":"fi","potentialAction":[{"@type":"ReadAction","target":["https:\/\/www.aronyaid.fi\/index.php\/meista\/"]}]},{"@type":"ImageObject","inLanguage":"fi","@id":"https:\/\/www.aronyaid.fi\/index.php\/meista\/#primaryimage","url":"https:\/\/www.aronyaid.fi\/wp-content\/uploads\/2021\/09\/20210903_093006-1-scaled.jpg","contentUrl":"https:\/\/www.aronyaid.fi\/wp-content\/uploads\/2021\/09\/20210903_093006-1-scaled.jpg","width":1440,"height":2560},{"@type":"BreadcrumbList","@id":"https:\/\/www.aronyaid.fi\/index.php\/meista\/#breadcrumb","itemListElement":[{"@type":"ListItem","position":1,"name":"Etusivu","item":"https:\/\/www.aronyaid.fi\/"},{"@type":"ListItem","position":2,"name":"Meist\u00e4"}]},{"@type":"WebSite","@id":"https:\/\/www.aronyaid.fi\/#website","url":"https:\/\/www.aronyaid.fi\/","name":"AronyAid Oy","description":"Anestesiapalvelut ja tehohoito","publisher":{"@id":"https:\/\/www.aronyaid.fi\/#organization"},"potentialAction":[{"@type":"SearchAction","target":{"@type":"EntryPoint","urlTemplate":"https:\/\/www.aronyaid.fi\/?s={search_term_string}"},"query-input":{"@type":"PropertyValueSpecification","valueRequired":true,"valueName":"search_term_string"}}],"inLanguage":"fi"},{"@type":"Organization","@id":"https:\/\/www.aronyaid.fi\/#organization","name":"AronyAid Oy","url":"https:\/\/www.aronyaid.fi\/","logo":{"@type":"ImageObject","inLanguage":"fi","@id":"https:\/\/www.aronyaid.fi\/#\/schema\/logo\/image\/","url":"https:\/\/www.aronyaid.fi\/wp-content\/uploads\/2021\/08\/cropped-AronyAid-valge-kitsas-logo-1-scaled-1.jpg","contentUrl":"https:\/\/www.aronyaid.fi\/wp-content\/uploads\/2021\/08\/cropped-AronyAid-valge-kitsas-logo-1-scaled-1.jpg","width":2560,"height":828,"caption":"AronyAid Oy"},"image":{"@id":"https:\/\/www.aronyaid.fi\/#\/schema\/logo\/image\/"}}]}},"jetpack_sharing_enabled":true,"_links":{"self":[{"href":"https:\/\/www.aronyaid.fi\/index.php\/wp-json\/wp\/v2\/pages\/269","targetHints":{"allow":["GET"]}}],"collection":[{"href":"https:\/\/www.aronyaid.fi\/index.php\/wp-json\/wp\/v2\/pages"}],"about":[{"href":"https:\/\/www.aronyaid.fi\/index.php\/wp-json\/wp\/v2\/types\/page"}],"author":[{"embeddable":true,"href":"https:\/\/www.aronyaid.fi\/index.php\/wp-json\/wp\/v2\/users\/1"}],"replies":[{"embeddable":true,"href":"https:\/\/www.aronyaid.fi\/index.php\/wp-json\/wp\/v2\/comments?post=269"}],"version-history":[{"count":7,"href":"https:\/\/www.aronyaid.fi\/index.php\/wp-json\/wp\/v2\/pages\/269\/revisions"}],"predecessor-version":[{"id":786,"href":"https:\/\/www.aronyaid.fi\/index.php\/wp-json\/wp\/v2\/pages\/269\/revisions\/786"}],"wp:attachment":[{"href":"https:\/\/www.aronyaid.fi\/index.php\/wp-json\/wp\/v2\/media?parent=269"}],"curies":[{"name":"wp","href":"https:\/\/api.w.org\/{rel}","templated":true}]}}