{"id":282,"date":"2021-09-10T21:44:09","date_gmt":"2021-09-10T18:44:09","guid":{"rendered":"https:\/\/www.aronyaid.fi\/?page_id=282"},"modified":"2025-10-02T13:04:07","modified_gmt":"2025-10-02T10:04:07","slug":"282-2","status":"publish","type":"page","link":"https:\/\/www.aronyaid.fi\/index.php\/282-2\/","title":{"rendered":"Kaia Robi"},"content":{"rendered":"\n<div id=\"section-g7338ba\" class=\"wp-block-gutentor-e6 section-g7338ba gutentor-element gutentor-element-image\"><div class=\"gutentor-element-image-box\"><div class=\"gutentor-image-thumb\"><img decoding=\"async\" class=\"normal-image\" src=\"https:\/\/www.aronyaid.fi\/wp-content\/uploads\/2021\/09\/20210903_093006-1-169x300.jpg\" \/><\/div><\/div><\/div>\n\n\n\n<h2 class=\"wp-block-heading has-large-font-size\">Kaia Robi<\/h2>\n\n\n\n<p class=\"has-medium-font-size\">Kaialla on pitk\u00e4aikainen kokemus anestesiologiasta, ensihoidosta ja tehohoidosta.<\/p>\n\n\n\n<div style=\"height:12px\" aria-hidden=\"true\" class=\"wp-block-spacer\"><\/div>\n\n\n\n<hr class=\"wp-block-separator has-css-opacity\"\/>\n\n\n\n<div style=\"height:11px\" aria-hidden=\"true\" class=\"wp-block-spacer\"><\/div>\n\n\n\n<p class=\"has-medium-font-size\">H\u00e4n on n\u00e4hnyt tehohoitoa monesta eri n\u00e4k\u00f6kulmasta &#8211; sairaala-apulaisesta l\u00e4\u00e4k\u00e4riin. Kokemusta on karttunut yli 25 vuotta. H\u00e4nell\u00e4 on my\u00f6s \u201dkentt\u00e4olosuhteista\u201d \u2013 vuosia h\u00e4n on ty\u00f6skennellyt ambulanssissa eri teht\u00e4viss\u00e4.<\/p>\n\n\n\n<p class=\"has-medium-font-size\"><br>10 vuoden verran h\u00e4n on hakenut kokemusta syd\u00e4nanestesiologiasta ja siihen liittyv\u00e4st\u00e4 tehohoidosta. ECMO ja muut \u00e4\u00e4riolosuhteiden hoitomenetelm\u00e4t ovat tulleet n\u00e4in olleen hyvin tutuiksi.<\/p>\n\n\n\n<p class=\"has-medium-font-size\"><br>H\u00e4n on toiminut vuosia \u201dulkoanestesioista\u201d vastaavana l\u00e4\u00e4k\u00e4rin\u00e4, kehitt\u00e4nyt ja ollut k\u00e4ynnist\u00e4m\u00e4ss\u00e4 monia uusia anestesiologisia toimintatapoja leikkaussalin ulkopuolella. Erilaiset toimintaymp\u00e4rist\u00f6t (angiografiasalit, hybridisalit ja muut toimenpidehuoneet), niihin liittyv\u00e4t riskit ja niiden minimoiminen ovat h\u00e4nelle hyvin tuttuja.<\/p>\n\n\n\n<div style=\"height:12px\" aria-hidden=\"true\" class=\"wp-block-spacer\"><\/div>\n\n\n\n<hr class=\"wp-block-separator has-css-opacity\"\/>\n\n\n\n<div style=\"height:11px\" aria-hidden=\"true\" class=\"wp-block-spacer\"><\/div>\n\n\n\n<p class=\"has-medium-font-size\">Viemisin\u00e4 vuosina ty\u00f6n p\u00e4\u00e4asiallinen painopiste on ollut tehohoidossa ja p\u00e4iv\u00e4kirurgisessa anestesiassa. <\/p>\n\n\n\n<div style=\"height:12px\" aria-hidden=\"true\" class=\"wp-block-spacer\"><\/div>\n\n\n\n<hr class=\"wp-block-separator has-css-opacity\"\/>\n\n\n\n<div style=\"height:13px\" aria-hidden=\"true\" class=\"wp-block-spacer\"><\/div>\n\n\n\n<p class=\"has-medium-font-size\">Yrityksess\u00e4mme Kaian vastuulla on plastiikkakirurgiset anestesiat, KNK- ja hammasanestesiat, sek\u00e4 potilaskonsultaatiot ja -neuvonta.<\/p>\n","protected":false},"excerpt":{"rendered":"<p>Kaia Robi Kaialla on pitk\u00e4aikainen kokemus anestesiologiasta, ensihoidosta ja tehohoidosta. H\u00e4n on n\u00e4hnyt tehohoitoa monesta eri n\u00e4k\u00f6kulmasta &#8211; sairaala-apulaisesta l\u00e4\u00e4k\u00e4riin. Kokemusta on karttunut yli 25 vuotta. H\u00e4nell\u00e4 on my\u00f6s \u201dkentt\u00e4olosuhteista\u201d \u2013 vuosia h\u00e4n on ty\u00f6skennellyt ambulanssissa eri teht\u00e4viss\u00e4. 10 vuoden verran h\u00e4n on hakenut kokemusta syd\u00e4nanestesiologiasta ja siihen liittyv\u00e4st\u00e4 tehohoidosta. ECMO ja muut \u00e4\u00e4riolosuhteiden hoitomenetelm\u00e4t&hellip;<\/p>\n","protected":false},"author":1,"featured_media":0,"parent":0,"menu_order":0,"comment_status":"closed","ping_status":"closed","template":"","meta":{"footnotes":""},"class_list":["post-282","page","type-page","status-publish","hentry"],"yoast_head":"<!-- This site is optimized with the Yoast SEO plugin v27.4 - https:\/\/yoast.com\/product\/yoast-seo-wordpress\/ -->\n<title>Kaia Robi - AronyAid Oy<\/title>\n<meta name=\"description\" content=\"Kaia on syd\u00e4nanestesiologian ja tehohoidon erikoisl\u00e4\u00e4k\u00e4ri, jolla on my\u00f6s pitk\u00e4aikainen kokemus leikkaussalin ulkopuolisista anestesioista.\" \/>\n<meta name=\"robots\" content=\"index, follow, max-snippet:-1, max-image-preview:large, max-video-preview:-1\" \/>\n<link rel=\"canonical\" href=\"https:\/\/www.aronyaid.fi\/index.php\/282-2\/\" \/>\n<meta property=\"og:locale\" content=\"fi_FI\" \/>\n<meta property=\"og:type\" content=\"article\" \/>\n<meta property=\"og:title\" content=\"Kaia Robi - AronyAid Oy\" \/>\n<meta property=\"og:description\" content=\"Kaia on syd\u00e4nanestesiologian ja tehohoidon erikoisl\u00e4\u00e4k\u00e4ri, jolla on my\u00f6s pitk\u00e4aikainen kokemus leikkaussalin ulkopuolisista anestesioista.\" \/>\n<meta property=\"og:url\" content=\"https:\/\/www.aronyaid.fi\/index.php\/282-2\/\" \/>\n<meta property=\"og:site_name\" content=\"AronyAid Oy\" \/>\n<meta property=\"article:modified_time\" content=\"2025-10-02T10:04:07+00:00\" \/>\n<meta property=\"og:image\" content=\"https:\/\/www.aronyaid.fi\/wp-content\/uploads\/2021\/09\/20210903_093006-1-169x300.jpg\" \/>\n<meta name=\"twitter:card\" content=\"summary_large_image\" \/>\n<meta name=\"twitter:label1\" content=\"Arvioitu lukuaika\" \/>\n\t<meta name=\"twitter:data1\" content=\"1 minuutti\" \/>\n<script type=\"application\/ld+json\" class=\"yoast-schema-graph\">{\"@context\":\"https:\\\/\\\/schema.org\",\"@graph\":[{\"@type\":\"WebPage\",\"@id\":\"https:\\\/\\\/www.aronyaid.fi\\\/index.php\\\/282-2\\\/\",\"url\":\"https:\\\/\\\/www.aronyaid.fi\\\/index.php\\\/282-2\\\/\",\"name\":\"Kaia Robi - AronyAid Oy\",\"isPartOf\":{\"@id\":\"https:\\\/\\\/www.aronyaid.fi\\\/#website\"},\"primaryImageOfPage\":{\"@id\":\"https:\\\/\\\/www.aronyaid.fi\\\/index.php\\\/282-2\\\/#primaryimage\"},\"image\":{\"@id\":\"https:\\\/\\\/www.aronyaid.fi\\\/index.php\\\/282-2\\\/#primaryimage\"},\"thumbnailUrl\":\"https:\\\/\\\/www.aronyaid.fi\\\/wp-content\\\/uploads\\\/2021\\\/09\\\/20210903_093006-1-169x300.jpg\",\"datePublished\":\"2021-09-10T18:44:09+00:00\",\"dateModified\":\"2025-10-02T10:04:07+00:00\",\"description\":\"Kaia on syd\u00e4nanestesiologian ja tehohoidon erikoisl\u00e4\u00e4k\u00e4ri, jolla on my\u00f6s pitk\u00e4aikainen kokemus leikkaussalin ulkopuolisista anestesioista.\",\"breadcrumb\":{\"@id\":\"https:\\\/\\\/www.aronyaid.fi\\\/index.php\\\/282-2\\\/#breadcrumb\"},\"inLanguage\":\"fi\",\"potentialAction\":[{\"@type\":\"ReadAction\",\"target\":[\"https:\\\/\\\/www.aronyaid.fi\\\/index.php\\\/282-2\\\/\"]}]},{\"@type\":\"ImageObject\",\"inLanguage\":\"fi\",\"@id\":\"https:\\\/\\\/www.aronyaid.fi\\\/index.php\\\/282-2\\\/#primaryimage\",\"url\":\"https:\\\/\\\/www.aronyaid.fi\\\/wp-content\\\/uploads\\\/2021\\\/09\\\/20210903_093006-1-169x300.jpg\",\"contentUrl\":\"https:\\\/\\\/www.aronyaid.fi\\\/wp-content\\\/uploads\\\/2021\\\/09\\\/20210903_093006-1-169x300.jpg\"},{\"@type\":\"BreadcrumbList\",\"@id\":\"https:\\\/\\\/www.aronyaid.fi\\\/index.php\\\/282-2\\\/#breadcrumb\",\"itemListElement\":[{\"@type\":\"ListItem\",\"position\":1,\"name\":\"Etusivu\",\"item\":\"https:\\\/\\\/www.aronyaid.fi\\\/\"},{\"@type\":\"ListItem\",\"position\":2,\"name\":\"Kaia Robi\"}]},{\"@type\":\"WebSite\",\"@id\":\"https:\\\/\\\/www.aronyaid.fi\\\/#website\",\"url\":\"https:\\\/\\\/www.aronyaid.fi\\\/\",\"name\":\"AronyAid Oy\",\"description\":\"Anestesiapalvelut ja tehohoito\",\"publisher\":{\"@id\":\"https:\\\/\\\/www.aronyaid.fi\\\/#organization\"},\"potentialAction\":[{\"@type\":\"SearchAction\",\"target\":{\"@type\":\"EntryPoint\",\"urlTemplate\":\"https:\\\/\\\/www.aronyaid.fi\\\/?s={search_term_string}\"},\"query-input\":{\"@type\":\"PropertyValueSpecification\",\"valueRequired\":true,\"valueName\":\"search_term_string\"}}],\"inLanguage\":\"fi\"},{\"@type\":\"Organization\",\"@id\":\"https:\\\/\\\/www.aronyaid.fi\\\/#organization\",\"name\":\"AronyAid Oy\",\"url\":\"https:\\\/\\\/www.aronyaid.fi\\\/\",\"logo\":{\"@type\":\"ImageObject\",\"inLanguage\":\"fi\",\"@id\":\"https:\\\/\\\/www.aronyaid.fi\\\/#\\\/schema\\\/logo\\\/image\\\/\",\"url\":\"https:\\\/\\\/www.aronyaid.fi\\\/wp-content\\\/uploads\\\/2021\\\/08\\\/cropped-AronyAid-valge-kitsas-logo-1-scaled-1.jpg\",\"contentUrl\":\"https:\\\/\\\/www.aronyaid.fi\\\/wp-content\\\/uploads\\\/2021\\\/08\\\/cropped-AronyAid-valge-kitsas-logo-1-scaled-1.jpg\",\"width\":2560,\"height\":828,\"caption\":\"AronyAid Oy\"},\"image\":{\"@id\":\"https:\\\/\\\/www.aronyaid.fi\\\/#\\\/schema\\\/logo\\\/image\\\/\"}}]}<\/script>\n<!-- \/ Yoast SEO plugin. -->","yoast_head_json":{"title":"Kaia Robi - AronyAid Oy","description":"Kaia on syd\u00e4nanestesiologian ja tehohoidon erikoisl\u00e4\u00e4k\u00e4ri, jolla on my\u00f6s pitk\u00e4aikainen kokemus leikkaussalin ulkopuolisista anestesioista.","robots":{"index":"index","follow":"follow","max-snippet":"max-snippet:-1","max-image-preview":"max-image-preview:large","max-video-preview":"max-video-preview:-1"},"canonical":"https:\/\/www.aronyaid.fi\/index.php\/282-2\/","og_locale":"fi_FI","og_type":"article","og_title":"Kaia Robi - AronyAid Oy","og_description":"Kaia on syd\u00e4nanestesiologian ja tehohoidon erikoisl\u00e4\u00e4k\u00e4ri, jolla on my\u00f6s pitk\u00e4aikainen kokemus leikkaussalin ulkopuolisista anestesioista.","og_url":"https:\/\/www.aronyaid.fi\/index.php\/282-2\/","og_site_name":"AronyAid Oy","article_modified_time":"2025-10-02T10:04:07+00:00","og_image":[{"url":"https:\/\/www.aronyaid.fi\/wp-content\/uploads\/2021\/09\/20210903_093006-1-169x300.jpg","type":"","width":"","height":""}],"twitter_card":"summary_large_image","twitter_misc":{"Arvioitu lukuaika":"1 minuutti"},"schema":{"@context":"https:\/\/schema.org","@graph":[{"@type":"WebPage","@id":"https:\/\/www.aronyaid.fi\/index.php\/282-2\/","url":"https:\/\/www.aronyaid.fi\/index.php\/282-2\/","name":"Kaia Robi - AronyAid Oy","isPartOf":{"@id":"https:\/\/www.aronyaid.fi\/#website"},"primaryImageOfPage":{"@id":"https:\/\/www.aronyaid.fi\/index.php\/282-2\/#primaryimage"},"image":{"@id":"https:\/\/www.aronyaid.fi\/index.php\/282-2\/#primaryimage"},"thumbnailUrl":"https:\/\/www.aronyaid.fi\/wp-content\/uploads\/2021\/09\/20210903_093006-1-169x300.jpg","datePublished":"2021-09-10T18:44:09+00:00","dateModified":"2025-10-02T10:04:07+00:00","description":"Kaia on syd\u00e4nanestesiologian ja tehohoidon erikoisl\u00e4\u00e4k\u00e4ri, jolla on my\u00f6s pitk\u00e4aikainen kokemus leikkaussalin ulkopuolisista anestesioista.","breadcrumb":{"@id":"https:\/\/www.aronyaid.fi\/index.php\/282-2\/#breadcrumb"},"inLanguage":"fi","potentialAction":[{"@type":"ReadAction","target":["https:\/\/www.aronyaid.fi\/index.php\/282-2\/"]}]},{"@type":"ImageObject","inLanguage":"fi","@id":"https:\/\/www.aronyaid.fi\/index.php\/282-2\/#primaryimage","url":"https:\/\/www.aronyaid.fi\/wp-content\/uploads\/2021\/09\/20210903_093006-1-169x300.jpg","contentUrl":"https:\/\/www.aronyaid.fi\/wp-content\/uploads\/2021\/09\/20210903_093006-1-169x300.jpg"},{"@type":"BreadcrumbList","@id":"https:\/\/www.aronyaid.fi\/index.php\/282-2\/#breadcrumb","itemListElement":[{"@type":"ListItem","position":1,"name":"Etusivu","item":"https:\/\/www.aronyaid.fi\/"},{"@type":"ListItem","position":2,"name":"Kaia Robi"}]},{"@type":"WebSite","@id":"https:\/\/www.aronyaid.fi\/#website","url":"https:\/\/www.aronyaid.fi\/","name":"AronyAid Oy","description":"Anestesiapalvelut ja tehohoito","publisher":{"@id":"https:\/\/www.aronyaid.fi\/#organization"},"potentialAction":[{"@type":"SearchAction","target":{"@type":"EntryPoint","urlTemplate":"https:\/\/www.aronyaid.fi\/?s={search_term_string}"},"query-input":{"@type":"PropertyValueSpecification","valueRequired":true,"valueName":"search_term_string"}}],"inLanguage":"fi"},{"@type":"Organization","@id":"https:\/\/www.aronyaid.fi\/#organization","name":"AronyAid Oy","url":"https:\/\/www.aronyaid.fi\/","logo":{"@type":"ImageObject","inLanguage":"fi","@id":"https:\/\/www.aronyaid.fi\/#\/schema\/logo\/image\/","url":"https:\/\/www.aronyaid.fi\/wp-content\/uploads\/2021\/08\/cropped-AronyAid-valge-kitsas-logo-1-scaled-1.jpg","contentUrl":"https:\/\/www.aronyaid.fi\/wp-content\/uploads\/2021\/08\/cropped-AronyAid-valge-kitsas-logo-1-scaled-1.jpg","width":2560,"height":828,"caption":"AronyAid Oy"},"image":{"@id":"https:\/\/www.aronyaid.fi\/#\/schema\/logo\/image\/"}}]}},"jetpack_sharing_enabled":true,"_links":{"self":[{"href":"https:\/\/www.aronyaid.fi\/index.php\/wp-json\/wp\/v2\/pages\/282","targetHints":{"allow":["GET"]}}],"collection":[{"href":"https:\/\/www.aronyaid.fi\/index.php\/wp-json\/wp\/v2\/pages"}],"about":[{"href":"https:\/\/www.aronyaid.fi\/index.php\/wp-json\/wp\/v2\/types\/page"}],"author":[{"embeddable":true,"href":"https:\/\/www.aronyaid.fi\/index.php\/wp-json\/wp\/v2\/users\/1"}],"replies":[{"embeddable":true,"href":"https:\/\/www.aronyaid.fi\/index.php\/wp-json\/wp\/v2\/comments?post=282"}],"version-history":[{"count":5,"href":"https:\/\/www.aronyaid.fi\/index.php\/wp-json\/wp\/v2\/pages\/282\/revisions"}],"predecessor-version":[{"id":1051,"href":"https:\/\/www.aronyaid.fi\/index.php\/wp-json\/wp\/v2\/pages\/282\/revisions\/1051"}],"wp:attachment":[{"href":"https:\/\/www.aronyaid.fi\/index.php\/wp-json\/wp\/v2\/media?parent=282"}],"curies":[{"name":"wp","href":"https:\/\/api.w.org\/{rel}","templated":true}]}}