{"id":3,"date":"2021-04-22T14:45:45","date_gmt":"2021-04-22T14:45:45","guid":{"rendered":"http:\/\/www.aronyaid.fi\/?page_id=3"},"modified":"2024-04-14T05:49:05","modified_gmt":"2024-04-14T02:49:05","slug":"privacy-policy","status":"publish","type":"page","link":"https:\/\/www.aronyaid.fi\/index.php\/privacy-policy\/","title":{"rendered":"Tietosuojaseloste"},"content":{"rendered":"\n<div style=\"height:45px\" aria-hidden=\"true\" class=\"wp-block-spacer\"><\/div>\n\n\n\n<h2 class=\"wp-block-heading\">Rekisteri ja yhteystiedot<\/h2>\n\n\n\n<div style=\"height:21px\" aria-hidden=\"true\" class=\"wp-block-spacer\"><\/div>\n\n\n\n<p><strong>AronyAid Oy:n<\/strong> (3020420-7) <strong>Asiakasrekisteri<\/strong><\/p>\n\n\n\n<p>Lehtikuusenpolku 1, 36200 Kangasala<\/p>\n\n\n\n<p><strong>Rekisterist\u00e4 vastaava: Teho Peetsu<\/strong><\/p>\n\n\n\n<p>tietosuoja@aronyaid.fi <\/p>\n\n\n\n<p>+358504069564<\/p>\n\n\n\n<div style=\"height:54px\" aria-hidden=\"true\" class=\"wp-block-spacer\"><\/div>\n\n\n\n<p><\/p>\n\n\n\n<h2 class=\"wp-block-heading\">Rekiesteriss\u00e4 olevat tiedot ja niiden k\u00e4ytt\u00f6tarkoitus<\/h2>\n\n\n\n<div style=\"height:19px\" aria-hidden=\"true\" class=\"wp-block-spacer\"><\/div>\n\n\n\n<p>T\u00e4m\u00e4n tietosuojaselosteen tarkoituksena on kertoa, mink\u00e4 tyyppisi\u00e4 tietoja ker\u00e4\u00e4mme&nbsp;verkkosivuiltamme, miten tietoja k\u00e4sitell\u00e4\u00e4n ja miten ne on suojattu.&nbsp;<\/p>\n\n\n\n<p>Tietosuojaseloste noudattaa Henkil\u00f6tietolain (523\/1999) 10 \u00a7 ja 24 \u00a7 ja EU:n yleisen tietosuoja-asetuksen GDPR (General Data Protection Regulation) mukaisia ehtoja.<\/p>\n\n\n\n<div style=\"height:20px\" aria-hidden=\"true\" class=\"wp-block-spacer\"><\/div>\n\n\n\n<p>K\u00e4sittelyn tarkoituksena on asiakassuhteen yll\u00e4pito, hoitaminen ja kehitt\u00e4minen sek\u00e4 asiakkaan ja rekisterinpit\u00e4j\u00e4n oikeuksien ja velvollisuuksien toteuttaminen.&nbsp;Lis\u00e4ksi henkil\u00f6tietolain mukainen henkil\u00f6tietojen k\u00e4sittely verkkopalveluihin liittyviin tarkoituksiin.  Tietoja ei k\u00e4ytet\u00e4 markkinointiin eik\u00e4 automaattiseen p\u00e4\u00e4t\u00f6ksentekoon ja profilointiin.<\/p>\n\n\n\n<div style=\"height:17px\" aria-hidden=\"true\" class=\"wp-block-spacer\"><\/div>\n\n\n\n<p>Verkkosivuston vierailijoiden IP-osoitteita ja palvelun toiminnoille v\u00e4ltt\u00e4m\u00e4tt\u00f6mi\u00e4 ev\u00e4steit\u00e4 k\u00e4sitell\u00e4\u00e4n oikeutetun edun perusteella mm. tietoturvasta huolehtimiseksi ja sivuston vierailijoiden tilastotietojen keruuta varten niiss\u00e4 tapauksissa, kun niiden voidaan katsoa olevan henkil\u00f6tietoja. Kolmansien osapuolten ev\u00e4steille pyydet\u00e4\u00e4n tarvittaessa suostumus erikseen.<\/p>\n\n\n\n<div style=\"height:25px\" aria-hidden=\"true\" class=\"wp-block-spacer\"><\/div>\n\n\n\n<p><strong>Rekisteri saattaa sis\u00e4lt\u00e4\u00e4 seuraavia tietoja henkil\u00f6ist\u00e4:<\/strong><\/p>\n\n\n\n<p>Nimi, organisaatio ja asema, s\u00e4hk\u00f6postiosoite, puhelinnumero, organisaation osoitetiedot, rekister\u00f6innin alkamiskohta<\/p>\n\n\n\n<div style=\"height:40px\" aria-hidden=\"true\" class=\"wp-block-spacer\"><\/div>\n\n\n\n<h2 class=\"wp-block-heading\">Rekisterin tietol\u00e4hteet<\/h2>\n\n\n\n<div style=\"height:30px\" aria-hidden=\"true\" class=\"wp-block-spacer\"><\/div>\n\n\n\n<p>Rekisteriin tallennettavat tiedot saadaan asiakkaalta mm. www-lomakkeilla l\u00e4hetetyist\u00e4 viesteist\u00e4, s\u00e4hk\u00f6postitse, puhelimitse, sopimuksista, asiakastapaamisista ja muista tilanteista, joissa asiakas luovuttaa tietojaan.<\/p>\n\n\n\n<p>Yritysten ja muiden organisaatioiden yhteyshenkil\u00f6iden tietoja voidaan ker\u00e4t\u00e4 my\u00f6s julkisista l\u00e4hteist\u00e4 kuten verkkosivuilta, hakemistopalveluista ja muilta yrityksilt\u00e4.<\/p>\n\n\n\n<div style=\"height:32px\" aria-hidden=\"true\" class=\"wp-block-spacer\"><\/div>\n\n\n\n<h2 class=\"wp-block-heading\">Tietojen luovutukset ja tietojen siirto EU:n tai ETA:n ulkopuolelle<\/h2>\n\n\n\n<div style=\"height:12px\" aria-hidden=\"true\" class=\"wp-block-spacer\"><\/div>\n\n\n\n<p>AronyAid Oy ei luovuta rekisteriss\u00e4 olevia tietoja ei muille osapuolille EU:n sis\u00e4ll\u00e4, eik\u00e4 sen ulkopuolelle.<\/p>\n\n\n\n<div style=\"height:31px\" aria-hidden=\"true\" class=\"wp-block-spacer\"><\/div>\n\n\n\n<h2 class=\"wp-block-heading\">Rekisterin suojauksen periaatteet<\/h2>\n\n\n\n<div style=\"height:20px\" aria-hidden=\"true\" class=\"wp-block-spacer\"><\/div>\n\n\n\n<p>Rekisterin k\u00e4sittelyss\u00e4 noudatetaan huolellisuutta ja tietoj\u00e4rjestelmien avulla k\u00e4sitelt\u00e4v\u00e4t tiedot suojataan asianmukaisesti. Kun rekisteritietoja s\u00e4ilytet\u00e4\u00e4n Internet-palvelimilla, niiden laitteiston fyysisest\u00e4 ja digitaalisesta tietoturvasta huolehditaan asiaankuuluvasti. Rekisterinpit\u00e4j\u00e4 huolehtii siit\u00e4, ett\u00e4 tallennettuja tietoja sek\u00e4 palvelimien k\u00e4ytt\u00f6oikeuksia ja muita henkil\u00f6tietojen turvallisuuden kannalta kriittisi\u00e4 tietoja k\u00e4sitell\u00e4\u00e4n luottamuksellisesti ja vain niiden ty\u00f6ntekij\u00f6iden toimesta, joiden ty\u00f6nkuvaan se kuuluu.<\/p>\n\n\n\n<p>https:\/\/www.aronyaid.fi\/ sivusto on suojattu SSL-sertifikaatilla, joka pit\u00e4\u00e4 huolen siit\u00e4, ett\u00e4 koko sivuston k\u00e4ytt\u00e4minen ja tietojen antaminen sit\u00e4 kautta on turvallista.<\/p>\n\n\n\n<div style=\"height:43px\" aria-hidden=\"true\" class=\"wp-block-spacer\"><\/div>\n\n\n\n<h2 class=\"wp-block-heading\">Tarkastusoikeus ja oikeus vaatia tiedon korjaamista<\/h2>\n\n\n\n<div style=\"height:20px\" aria-hidden=\"true\" class=\"wp-block-spacer\"><\/div>\n\n\n\n<p>Jokaisella rekisteriss\u00e4 olevalla henkil\u00f6ll\u00e4 on oikeus tarkistaa rekisteriin tallennetut tietonsa ja vaatia mahdollisen virheellisen tiedon korjaamista tai puutteellisen tiedon t\u00e4ydent\u00e4mist\u00e4. Rekisteriss\u00e4 olevalla henkil\u00f6ll\u00e4 on oikeus pyyt\u00e4\u00e4 h\u00e4nt\u00e4 koskevien henkil\u00f6tietojen poistamiseen rekisterist\u00e4 (&#8221;oikeus tulla unohdetuksi&#8221;). Mik\u00e4li henkil\u00f6 haluaa tarkistaa h\u00e4nest\u00e4 tallennetut tiedot tai vaatia niihin oikaisua, pyynt\u00f6 tulee&nbsp;l\u00e4hett\u00e4\u00e4 kirjallisesti&nbsp;rekisterinpit\u00e4j\u00e4n <a href=\"https:\/\/www.aronyaid.fi\/index.php\/yhteenottolomake\/\">tietosuojavastaavalle<\/a> (tietosuoja@aronyaid.fi). Rekisterinpit\u00e4j\u00e4 voi pyyt\u00e4\u00e4 tarvittaessa pyynn\u00f6n esitt\u00e4j\u00e4\u00e4 todistamaan henkil\u00f6llisyytens\u00e4. Rekisterinpit\u00e4j\u00e4 vastaa asiakkaalle EU:n tietosuoja-asetuksessa s\u00e4\u00e4detyss\u00e4 ajassa.<\/p>\n\n\n\n<div style=\"height:19px\" aria-hidden=\"true\" class=\"wp-block-spacer\"><\/div>\n\n\n\n<p><strong>Tarkastettu 13.4.2024<\/strong><\/p>\n","protected":false},"excerpt":{"rendered":"<p>Rekisteri ja yhteystiedot AronyAid Oy:n (3020420-7) Asiakasrekisteri Lehtikuusenpolku 1, 36200 Kangasala Rekisterist\u00e4 vastaava: Teho Peetsu tietosuoja@aronyaid.fi +358504069564 Rekiesteriss\u00e4 olevat tiedot ja niiden k\u00e4ytt\u00f6tarkoitus T\u00e4m\u00e4n tietosuojaselosteen tarkoituksena on kertoa, mink\u00e4 tyyppisi\u00e4 tietoja ker\u00e4\u00e4mme&nbsp;verkkosivuiltamme, miten tietoja k\u00e4sitell\u00e4\u00e4n ja miten ne on suojattu.&nbsp; Tietosuojaseloste noudattaa Henkil\u00f6tietolain (523\/1999) 10 \u00a7 ja 24 \u00a7 ja EU:n yleisen tietosuoja-asetuksen GDPR (General&hellip;<\/p>\n","protected":false},"author":1,"featured_media":0,"parent":0,"menu_order":0,"comment_status":"closed","ping_status":"open","template":"","meta":{"footnotes":""},"class_list":["post-3","page","type-page","status-publish","hentry"],"yoast_head":"<!-- This site is optimized with the Yoast SEO plugin v27.6 - https:\/\/yoast.com\/product\/yoast-seo-wordpress\/ -->\n<title>Tietosuojaseloste - AronyAid Oy<\/title>\n<meta name=\"description\" content=\"Tietosuojaselosteen tarkoituksena on kertoa, mink\u00e4 tyyppisi\u00e4 tietoja ker\u00e4\u00e4mme\u00a0verkkosivuiltamme, miten tietoja k\u00e4sitell\u00e4\u00e4n ja miten ne on suojattu.\" \/>\n<meta name=\"robots\" content=\"index, follow, max-snippet:-1, max-image-preview:large, max-video-preview:-1\" \/>\n<link rel=\"canonical\" href=\"https:\/\/www.aronyaid.fi\/index.php\/privacy-policy\/\" \/>\n<meta property=\"og:locale\" content=\"fi_FI\" \/>\n<meta property=\"og:type\" content=\"article\" \/>\n<meta property=\"og:title\" content=\"Tietosuojaseloste - AronyAid Oy\" \/>\n<meta property=\"og:description\" content=\"Tietosuojaselosteen tarkoituksena on kertoa, mink\u00e4 tyyppisi\u00e4 tietoja ker\u00e4\u00e4mme\u00a0verkkosivuiltamme, miten tietoja k\u00e4sitell\u00e4\u00e4n ja miten ne on suojattu.\" \/>\n<meta property=\"og:url\" content=\"https:\/\/www.aronyaid.fi\/index.php\/privacy-policy\/\" \/>\n<meta property=\"og:site_name\" content=\"AronyAid Oy\" \/>\n<meta property=\"article:modified_time\" content=\"2024-04-14T02:49:05+00:00\" \/>\n<meta name=\"twitter:card\" content=\"summary_large_image\" \/>\n<meta name=\"twitter:label1\" content=\"Arvioitu lukuaika\" \/>\n\t<meta name=\"twitter:data1\" content=\"3 minuuttia\" \/>\n<script type=\"application\/ld+json\" class=\"yoast-schema-graph\">{\"@context\":\"https:\\\/\\\/schema.org\",\"@graph\":[{\"@type\":\"WebPage\",\"@id\":\"https:\\\/\\\/www.aronyaid.fi\\\/index.php\\\/privacy-policy\\\/\",\"url\":\"https:\\\/\\\/www.aronyaid.fi\\\/index.php\\\/privacy-policy\\\/\",\"name\":\"Tietosuojaseloste - AronyAid Oy\",\"isPartOf\":{\"@id\":\"https:\\\/\\\/www.aronyaid.fi\\\/#website\"},\"datePublished\":\"2021-04-22T14:45:45+00:00\",\"dateModified\":\"2024-04-14T02:49:05+00:00\",\"description\":\"Tietosuojaselosteen tarkoituksena on kertoa, mink\u00e4 tyyppisi\u00e4 tietoja ker\u00e4\u00e4mme\u00a0verkkosivuiltamme, miten tietoja k\u00e4sitell\u00e4\u00e4n ja miten ne on suojattu.\",\"breadcrumb\":{\"@id\":\"https:\\\/\\\/www.aronyaid.fi\\\/index.php\\\/privacy-policy\\\/#breadcrumb\"},\"inLanguage\":\"fi\",\"potentialAction\":[{\"@type\":\"ReadAction\",\"target\":[\"https:\\\/\\\/www.aronyaid.fi\\\/index.php\\\/privacy-policy\\\/\"]}]},{\"@type\":\"BreadcrumbList\",\"@id\":\"https:\\\/\\\/www.aronyaid.fi\\\/index.php\\\/privacy-policy\\\/#breadcrumb\",\"itemListElement\":[{\"@type\":\"ListItem\",\"position\":1,\"name\":\"Etusivu\",\"item\":\"https:\\\/\\\/www.aronyaid.fi\\\/\"},{\"@type\":\"ListItem\",\"position\":2,\"name\":\"Tietosuojaseloste\"}]},{\"@type\":\"WebSite\",\"@id\":\"https:\\\/\\\/www.aronyaid.fi\\\/#website\",\"url\":\"https:\\\/\\\/www.aronyaid.fi\\\/\",\"name\":\"AronyAid Oy\",\"description\":\"Anestesiapalvelut ja tehohoito\",\"publisher\":{\"@id\":\"https:\\\/\\\/www.aronyaid.fi\\\/#organization\"},\"potentialAction\":[{\"@type\":\"SearchAction\",\"target\":{\"@type\":\"EntryPoint\",\"urlTemplate\":\"https:\\\/\\\/www.aronyaid.fi\\\/?s={search_term_string}\"},\"query-input\":{\"@type\":\"PropertyValueSpecification\",\"valueRequired\":true,\"valueName\":\"search_term_string\"}}],\"inLanguage\":\"fi\"},{\"@type\":\"Organization\",\"@id\":\"https:\\\/\\\/www.aronyaid.fi\\\/#organization\",\"name\":\"AronyAid Oy\",\"url\":\"https:\\\/\\\/www.aronyaid.fi\\\/\",\"logo\":{\"@type\":\"ImageObject\",\"inLanguage\":\"fi\",\"@id\":\"https:\\\/\\\/www.aronyaid.fi\\\/#\\\/schema\\\/logo\\\/image\\\/\",\"url\":\"https:\\\/\\\/www.aronyaid.fi\\\/wp-content\\\/uploads\\\/2021\\\/08\\\/cropped-AronyAid-valge-kitsas-logo-1-scaled-1.jpg\",\"contentUrl\":\"https:\\\/\\\/www.aronyaid.fi\\\/wp-content\\\/uploads\\\/2021\\\/08\\\/cropped-AronyAid-valge-kitsas-logo-1-scaled-1.jpg\",\"width\":2560,\"height\":828,\"caption\":\"AronyAid Oy\"},\"image\":{\"@id\":\"https:\\\/\\\/www.aronyaid.fi\\\/#\\\/schema\\\/logo\\\/image\\\/\"}}]}<\/script>\n<!-- \/ Yoast SEO plugin. -->","yoast_head_json":{"title":"Tietosuojaseloste - AronyAid Oy","description":"Tietosuojaselosteen tarkoituksena on kertoa, mink\u00e4 tyyppisi\u00e4 tietoja ker\u00e4\u00e4mme\u00a0verkkosivuiltamme, miten tietoja k\u00e4sitell\u00e4\u00e4n ja miten ne on suojattu.","robots":{"index":"index","follow":"follow","max-snippet":"max-snippet:-1","max-image-preview":"max-image-preview:large","max-video-preview":"max-video-preview:-1"},"canonical":"https:\/\/www.aronyaid.fi\/index.php\/privacy-policy\/","og_locale":"fi_FI","og_type":"article","og_title":"Tietosuojaseloste - AronyAid Oy","og_description":"Tietosuojaselosteen tarkoituksena on kertoa, mink\u00e4 tyyppisi\u00e4 tietoja ker\u00e4\u00e4mme\u00a0verkkosivuiltamme, miten tietoja k\u00e4sitell\u00e4\u00e4n ja miten ne on suojattu.","og_url":"https:\/\/www.aronyaid.fi\/index.php\/privacy-policy\/","og_site_name":"AronyAid Oy","article_modified_time":"2024-04-14T02:49:05+00:00","twitter_card":"summary_large_image","twitter_misc":{"Arvioitu lukuaika":"3 minuuttia"},"schema":{"@context":"https:\/\/schema.org","@graph":[{"@type":"WebPage","@id":"https:\/\/www.aronyaid.fi\/index.php\/privacy-policy\/","url":"https:\/\/www.aronyaid.fi\/index.php\/privacy-policy\/","name":"Tietosuojaseloste - AronyAid Oy","isPartOf":{"@id":"https:\/\/www.aronyaid.fi\/#website"},"datePublished":"2021-04-22T14:45:45+00:00","dateModified":"2024-04-14T02:49:05+00:00","description":"Tietosuojaselosteen tarkoituksena on kertoa, mink\u00e4 tyyppisi\u00e4 tietoja ker\u00e4\u00e4mme\u00a0verkkosivuiltamme, miten tietoja k\u00e4sitell\u00e4\u00e4n ja miten ne on suojattu.","breadcrumb":{"@id":"https:\/\/www.aronyaid.fi\/index.php\/privacy-policy\/#breadcrumb"},"inLanguage":"fi","potentialAction":[{"@type":"ReadAction","target":["https:\/\/www.aronyaid.fi\/index.php\/privacy-policy\/"]}]},{"@type":"BreadcrumbList","@id":"https:\/\/www.aronyaid.fi\/index.php\/privacy-policy\/#breadcrumb","itemListElement":[{"@type":"ListItem","position":1,"name":"Etusivu","item":"https:\/\/www.aronyaid.fi\/"},{"@type":"ListItem","position":2,"name":"Tietosuojaseloste"}]},{"@type":"WebSite","@id":"https:\/\/www.aronyaid.fi\/#website","url":"https:\/\/www.aronyaid.fi\/","name":"AronyAid Oy","description":"Anestesiapalvelut ja tehohoito","publisher":{"@id":"https:\/\/www.aronyaid.fi\/#organization"},"potentialAction":[{"@type":"SearchAction","target":{"@type":"EntryPoint","urlTemplate":"https:\/\/www.aronyaid.fi\/?s={search_term_string}"},"query-input":{"@type":"PropertyValueSpecification","valueRequired":true,"valueName":"search_term_string"}}],"inLanguage":"fi"},{"@type":"Organization","@id":"https:\/\/www.aronyaid.fi\/#organization","name":"AronyAid Oy","url":"https:\/\/www.aronyaid.fi\/","logo":{"@type":"ImageObject","inLanguage":"fi","@id":"https:\/\/www.aronyaid.fi\/#\/schema\/logo\/image\/","url":"https:\/\/www.aronyaid.fi\/wp-content\/uploads\/2021\/08\/cropped-AronyAid-valge-kitsas-logo-1-scaled-1.jpg","contentUrl":"https:\/\/www.aronyaid.fi\/wp-content\/uploads\/2021\/08\/cropped-AronyAid-valge-kitsas-logo-1-scaled-1.jpg","width":2560,"height":828,"caption":"AronyAid Oy"},"image":{"@id":"https:\/\/www.aronyaid.fi\/#\/schema\/logo\/image\/"}}]}},"jetpack_sharing_enabled":true,"_links":{"self":[{"href":"https:\/\/www.aronyaid.fi\/index.php\/wp-json\/wp\/v2\/pages\/3","targetHints":{"allow":["GET"]}}],"collection":[{"href":"https:\/\/www.aronyaid.fi\/index.php\/wp-json\/wp\/v2\/pages"}],"about":[{"href":"https:\/\/www.aronyaid.fi\/index.php\/wp-json\/wp\/v2\/types\/page"}],"author":[{"embeddable":true,"href":"https:\/\/www.aronyaid.fi\/index.php\/wp-json\/wp\/v2\/users\/1"}],"replies":[{"embeddable":true,"href":"https:\/\/www.aronyaid.fi\/index.php\/wp-json\/wp\/v2\/comments?post=3"}],"version-history":[{"count":9,"href":"https:\/\/www.aronyaid.fi\/index.php\/wp-json\/wp\/v2\/pages\/3\/revisions"}],"predecessor-version":[{"id":822,"href":"https:\/\/www.aronyaid.fi\/index.php\/wp-json\/wp\/v2\/pages\/3\/revisions\/822"}],"wp:attachment":[{"href":"https:\/\/www.aronyaid.fi\/index.php\/wp-json\/wp\/v2\/media?parent=3"}],"curies":[{"name":"wp","href":"https:\/\/api.w.org\/{rel}","templated":true}]}}