{"id":47,"date":"2021-08-20T09:45:15","date_gmt":"2021-08-20T09:45:15","guid":{"rendered":"http:\/\/www.aronyaid.fi\/?page_id=47"},"modified":"2025-10-09T11:44:06","modified_gmt":"2025-10-09T08:44:06","slug":"tehohoitopalvelut","status":"publish","type":"page","link":"https:\/\/www.aronyaid.fi\/index.php\/tehohoitopalvelut\/","title":{"rendered":"Tehohoitopalvelut"},"content":{"rendered":"\n<div id=\"section-g57c08a\" class=\"wp-block-gutentor-e6 section-g57c08a gutentor-element gutentor-element-image\"><div class=\"gutentor-element-image-box\"><div class=\"gutentor-bg-image\"><\/div><\/div><\/div>\n\n\n\n<div style=\"height:40px\" aria-hidden=\"true\" class=\"wp-block-spacer\"><\/div>\n\n\n\n<h2 class=\"wp-block-heading has-text-align-center has-large-font-size\" id=\"miksi-tehohoitolaakarin-palvelut-meilta\">Miksi tehohoitol\u00e4\u00e4k\u00e4rin palvelut meilt\u00e4?<\/h2>\n\n\n\n<div style=\"height:44px\" aria-hidden=\"true\" class=\"wp-block-spacer\"><\/div>\n\n\n\n<p class=\"has-text-align-center has-medium-font-size\">Tehohoito ja sen tarjoamat hoitomenetelm\u00e4t, mutta my\u00f6s hoidettavien potilaiden elintoimintojen vaikeusaste ovat kasvaneet.  Yh\u00e4 sairaammille potilaille suoritetaan yh\u00e4 laajempia toimenpiteit\u00e4.  <\/p>\n\n\n\n<div style=\"height:7px\" aria-hidden=\"true\" class=\"wp-block-spacer\"><\/div>\n\n\n\n<p class=\"has-text-align-center has-medium-font-size\">Tehohoito on t\u00e4m\u00e4n kehityksens\u00e4 ansioista yh\u00e4 enemm\u00e4n erkanemassa perinteisest\u00e4 anestesiologiasta. <\/p>\n\n\n\n<div style=\"height:9px\" aria-hidden=\"true\" class=\"wp-block-spacer\"><\/div>\n\n\n\n<p class=\"has-text-align-center has-medium-font-size\">Useimmiten teho-osastot ovat vain yhden tai muutaman tehohoitoon perehtyneen l\u00e4\u00e4k\u00e4rin vastuulla.<\/p>\n\n\n\n<div style=\"height:9px\" aria-hidden=\"true\" class=\"wp-block-spacer\"><\/div>\n\n\n\n<p class=\"has-text-align-center has-medium-font-size\">Teho-osastolla ty\u00f6skentely on keskittymisintensiteetin, p\u00e4ivystyskuormituksen ja dramaattisten potilastapauksien vuoksi niin psyykkisesti, kuin fyysisesti eritt\u00e4in kuluttavaa.<\/p>\n\n\n\n<div style=\"height:21px\" aria-hidden=\"true\" class=\"wp-block-spacer\"><\/div>\n\n\n\n<hr class=\"wp-block-separator has-css-opacity is-style-default\"\/>\n\n\n\n<div style=\"height:16px\" aria-hidden=\"true\" class=\"wp-block-spacer\"><\/div>\n\n\n\n<p class=\"has-text-align-center has-medium-font-size\">Tehohoito on erikoisala, jossa palvelutarpeen kysynt\u00e4\u00e4n on vastattava viipym\u00e4tt\u00e4 &#8211; siihen ei ole aikaa kouluttaa henkil\u00f6kuntaa vasta tarpeen vaatiessa (suuronnettomuudet, epidemiat). COVID-19 pandemia osoitti, ett\u00e4 ei oltu ihan valmiina sellaiseen yht\u00e4kkiseen tehohoidon kysynn\u00e4n kasvuun. COVID-19 epidemia ei ole ensimm\u00e4inen, eik\u00e4 viimeinen vastaavanlainen tilanne ja ajassa n\u00e4m\u00e4 tilanteet ovat kerta kerralta vaan pahentuneet (H5N1; H1N1; SARS-CoV, MERS-CoV). Viimeisin\u00e4 vuosia on k\u00e4ynyt valitettavasti ilmi, ett\u00e4 sellaisiin tarpeisiin voi johtaa helposti my\u00f6s isolla mittakaavalla toimivat ja kansainv\u00e4lisist\u00e4 sopimuksista piittaamattomat henkil\u00f6t ja ryhm\u00e4t. <\/p>\n\n\n\n<div style=\"height:16px\" aria-hidden=\"true\" class=\"wp-block-spacer\"><\/div>\n\n\n\n<p class=\"has-text-align-center has-medium-font-size\">Viimeisess\u00e4 pandemiassa k\u00e4vi ilmi, ett\u00e4 tehohoidon tarve on useimmiten alueellisesti painottunutta. Vaikka joissakin paikoissa kapasiteetti ei ollut juurikaan kuormitettu, toisaalla ylitettiin kipukynnyst\u00e4. Aiemmin ei ole ollut tapana varautua sellaisiin alueellisiin &#8221;riskien maadoituksiin&#8221;. Vaikka potilaiden siirt\u00e4minen paikasta toiseen onkin yksi mahdollisuus kuormituksen tasapainottamiseen, tietyn pisteen ylittyess\u00e4 hoitohenkil\u00f6kunnan ja l\u00e4\u00e4k\u00e4rien siirt\u00e4minen\/lis\u00e4\u00e4minen on j\u00e4rkev\u00e4mpi vaihtoehto &#8211; erityisesti koskien tehohoitopotilaita.<\/p>\n\n\n\n<div style=\"height:18px\" aria-hidden=\"true\" class=\"wp-block-spacer\"><\/div>\n\n\n\n<hr class=\"wp-block-separator has-css-opacity\"\/>\n\n\n\n<div style=\"height:13px\" aria-hidden=\"true\" class=\"wp-block-spacer\"><\/div>\n\n\n\n<p class=\"has-text-align-center has-medium-font-size\">Olemme sit\u00e4 mielt\u00e4, ett\u00e4 Suomessa laajalla alueella sijaitsevana maana olisi viisasta kehitt\u00e4\u00e4 tehohoidon riskien &#8221;maadoitusta&#8221;. Helpoin ja j\u00e4rkevin tapa on panostaa riitt\u00e4v\u00e4\u00e4n tehohoitol\u00e4\u00e4k\u00e4reiden &#8221;varastoon&#8221;, jotka pystyisiv\u00e4t tarvittaessa toimimaan useamman eri alueen teho-osastoilla. <\/p>\n\n\n\n<div style=\"height:16px\" aria-hidden=\"true\" class=\"wp-block-spacer\"><\/div>\n\n\n\n<p class=\"has-text-align-center has-medium-font-size\">Hyv\u00e4n\u00e4 varoittavana esimerkkin\u00e4 toimii taas kerran Covid-pandemia, jossa muutamien l\u00e4\u00e4k\u00e4reiden karanteenip\u00e4\u00e4t\u00f6s sai useamman yksik\u00f6n &#8221;solmuun&#8221; ja toimintakyvyn heikkenem\u00e4\u00e4n tilanteessa, jossa sen normaali toiminta olisi ollut nimenomaan ensiarvoisen t\u00e4rke\u00e4. Siin\u00e4 tuli tarjoamamme palvelu testattu tositilanteessa.<\/p>\n\n\n\n<div style=\"height:33px\" aria-hidden=\"true\" class=\"wp-block-spacer\"><\/div>\n\n\n\n<div id=\"section-gd8396d\" class=\"wp-block-gutentor-e2 section-gd8396d gutentor-element gutentor-element-button button-align-center-desktop\"><span class=\"gutentor-button-wrap\"><a class=\"gutentor-button gutentor-block-button gutentor-icon-hide\" href=\"https:\/\/www.aronyaid.fi\/index.php\/yhteenottolomake\/\"><i class=\"gutentor-button-icon fas fa-book\"><\/i><span>Ota yhteytt\u00e4<\/span><\/a><\/span><\/div>\n","protected":false},"excerpt":{"rendered":"<p>Miksi tehohoitol\u00e4\u00e4k\u00e4rin palvelut meilt\u00e4? Tehohoito ja sen tarjoamat hoitomenetelm\u00e4t, mutta my\u00f6s hoidettavien potilaiden elintoimintojen vaikeusaste ovat kasvaneet. Yh\u00e4 sairaammille potilaille suoritetaan yh\u00e4 laajempia toimenpiteit\u00e4. Tehohoito on t\u00e4m\u00e4n kehityksens\u00e4 ansioista yh\u00e4 enemm\u00e4n erkanemassa perinteisest\u00e4 anestesiologiasta. Useimmiten teho-osastot ovat vain yhden tai muutaman tehohoitoon perehtyneen l\u00e4\u00e4k\u00e4rin vastuulla. Teho-osastolla ty\u00f6skentely on keskittymisintensiteetin, p\u00e4ivystyskuormituksen ja dramaattisten potilastapauksien vuoksi niin&hellip;<\/p>\n","protected":false},"author":1,"featured_media":0,"parent":0,"menu_order":0,"comment_status":"closed","ping_status":"closed","template":"","meta":{"footnotes":""},"class_list":["post-47","page","type-page","status-publish","hentry"],"yoast_head":"<!-- This site is optimized with the Yoast SEO plugin v27.6 - https:\/\/yoast.com\/product\/yoast-seo-wordpress\/ -->\n<title>Tehohoitopalvelut - AronyAid Oy<\/title>\n<meta name=\"robots\" content=\"index, follow, max-snippet:-1, max-image-preview:large, max-video-preview:-1\" \/>\n<link rel=\"canonical\" href=\"https:\/\/www.aronyaid.fi\/index.php\/tehohoitopalvelut\/\" \/>\n<meta property=\"og:locale\" content=\"fi_FI\" \/>\n<meta property=\"og:type\" content=\"article\" \/>\n<meta property=\"og:title\" content=\"Tehohoitopalvelut - AronyAid Oy\" \/>\n<meta property=\"og:description\" content=\"Miksi tehohoitol\u00e4\u00e4k\u00e4rin palvelut meilt\u00e4? Tehohoito ja sen tarjoamat hoitomenetelm\u00e4t, mutta my\u00f6s hoidettavien potilaiden elintoimintojen vaikeusaste ovat kasvaneet. Yh\u00e4 sairaammille potilaille suoritetaan yh\u00e4 laajempia toimenpiteit\u00e4. Tehohoito on t\u00e4m\u00e4n kehityksens\u00e4 ansioista yh\u00e4 enemm\u00e4n erkanemassa perinteisest\u00e4 anestesiologiasta. Useimmiten teho-osastot ovat vain yhden tai muutaman tehohoitoon perehtyneen l\u00e4\u00e4k\u00e4rin vastuulla. Teho-osastolla ty\u00f6skentely on keskittymisintensiteetin, p\u00e4ivystyskuormituksen ja dramaattisten potilastapauksien vuoksi niin&hellip;\" \/>\n<meta property=\"og:url\" content=\"https:\/\/www.aronyaid.fi\/index.php\/tehohoitopalvelut\/\" \/>\n<meta property=\"og:site_name\" content=\"AronyAid Oy\" \/>\n<meta property=\"article:modified_time\" content=\"2025-10-09T08:44:06+00:00\" \/>\n<meta name=\"twitter:card\" content=\"summary_large_image\" \/>\n<meta name=\"twitter:label1\" content=\"Arvioitu lukuaika\" \/>\n\t<meta name=\"twitter:data1\" content=\"2 minuuttia\" \/>\n<script type=\"application\/ld+json\" class=\"yoast-schema-graph\">{\"@context\":\"https:\\\/\\\/schema.org\",\"@graph\":[{\"@type\":\"WebPage\",\"@id\":\"https:\\\/\\\/www.aronyaid.fi\\\/index.php\\\/tehohoitopalvelut\\\/\",\"url\":\"https:\\\/\\\/www.aronyaid.fi\\\/index.php\\\/tehohoitopalvelut\\\/\",\"name\":\"Tehohoitopalvelut - AronyAid Oy\",\"isPartOf\":{\"@id\":\"https:\\\/\\\/www.aronyaid.fi\\\/#website\"},\"datePublished\":\"2021-08-20T09:45:15+00:00\",\"dateModified\":\"2025-10-09T08:44:06+00:00\",\"breadcrumb\":{\"@id\":\"https:\\\/\\\/www.aronyaid.fi\\\/index.php\\\/tehohoitopalvelut\\\/#breadcrumb\"},\"inLanguage\":\"fi\",\"potentialAction\":[{\"@type\":\"ReadAction\",\"target\":[\"https:\\\/\\\/www.aronyaid.fi\\\/index.php\\\/tehohoitopalvelut\\\/\"]}]},{\"@type\":\"BreadcrumbList\",\"@id\":\"https:\\\/\\\/www.aronyaid.fi\\\/index.php\\\/tehohoitopalvelut\\\/#breadcrumb\",\"itemListElement\":[{\"@type\":\"ListItem\",\"position\":1,\"name\":\"Etusivu\",\"item\":\"https:\\\/\\\/www.aronyaid.fi\\\/\"},{\"@type\":\"ListItem\",\"position\":2,\"name\":\"Tehohoitopalvelut\"}]},{\"@type\":\"WebSite\",\"@id\":\"https:\\\/\\\/www.aronyaid.fi\\\/#website\",\"url\":\"https:\\\/\\\/www.aronyaid.fi\\\/\",\"name\":\"AronyAid Oy\",\"description\":\"Anestesiapalvelut ja tehohoito\",\"publisher\":{\"@id\":\"https:\\\/\\\/www.aronyaid.fi\\\/#organization\"},\"potentialAction\":[{\"@type\":\"SearchAction\",\"target\":{\"@type\":\"EntryPoint\",\"urlTemplate\":\"https:\\\/\\\/www.aronyaid.fi\\\/?s={search_term_string}\"},\"query-input\":{\"@type\":\"PropertyValueSpecification\",\"valueRequired\":true,\"valueName\":\"search_term_string\"}}],\"inLanguage\":\"fi\"},{\"@type\":\"Organization\",\"@id\":\"https:\\\/\\\/www.aronyaid.fi\\\/#organization\",\"name\":\"AronyAid Oy\",\"url\":\"https:\\\/\\\/www.aronyaid.fi\\\/\",\"logo\":{\"@type\":\"ImageObject\",\"inLanguage\":\"fi\",\"@id\":\"https:\\\/\\\/www.aronyaid.fi\\\/#\\\/schema\\\/logo\\\/image\\\/\",\"url\":\"https:\\\/\\\/www.aronyaid.fi\\\/wp-content\\\/uploads\\\/2021\\\/08\\\/cropped-AronyAid-valge-kitsas-logo-1-scaled-1.jpg\",\"contentUrl\":\"https:\\\/\\\/www.aronyaid.fi\\\/wp-content\\\/uploads\\\/2021\\\/08\\\/cropped-AronyAid-valge-kitsas-logo-1-scaled-1.jpg\",\"width\":2560,\"height\":828,\"caption\":\"AronyAid Oy\"},\"image\":{\"@id\":\"https:\\\/\\\/www.aronyaid.fi\\\/#\\\/schema\\\/logo\\\/image\\\/\"}}]}<\/script>\n<!-- \/ Yoast SEO plugin. -->","yoast_head_json":{"title":"Tehohoitopalvelut - AronyAid Oy","robots":{"index":"index","follow":"follow","max-snippet":"max-snippet:-1","max-image-preview":"max-image-preview:large","max-video-preview":"max-video-preview:-1"},"canonical":"https:\/\/www.aronyaid.fi\/index.php\/tehohoitopalvelut\/","og_locale":"fi_FI","og_type":"article","og_title":"Tehohoitopalvelut - AronyAid Oy","og_description":"Miksi tehohoitol\u00e4\u00e4k\u00e4rin palvelut meilt\u00e4? Tehohoito ja sen tarjoamat hoitomenetelm\u00e4t, mutta my\u00f6s hoidettavien potilaiden elintoimintojen vaikeusaste ovat kasvaneet. Yh\u00e4 sairaammille potilaille suoritetaan yh\u00e4 laajempia toimenpiteit\u00e4. Tehohoito on t\u00e4m\u00e4n kehityksens\u00e4 ansioista yh\u00e4 enemm\u00e4n erkanemassa perinteisest\u00e4 anestesiologiasta. Useimmiten teho-osastot ovat vain yhden tai muutaman tehohoitoon perehtyneen l\u00e4\u00e4k\u00e4rin vastuulla. Teho-osastolla ty\u00f6skentely on keskittymisintensiteetin, p\u00e4ivystyskuormituksen ja dramaattisten potilastapauksien vuoksi niin&hellip;","og_url":"https:\/\/www.aronyaid.fi\/index.php\/tehohoitopalvelut\/","og_site_name":"AronyAid Oy","article_modified_time":"2025-10-09T08:44:06+00:00","twitter_card":"summary_large_image","twitter_misc":{"Arvioitu lukuaika":"2 minuuttia"},"schema":{"@context":"https:\/\/schema.org","@graph":[{"@type":"WebPage","@id":"https:\/\/www.aronyaid.fi\/index.php\/tehohoitopalvelut\/","url":"https:\/\/www.aronyaid.fi\/index.php\/tehohoitopalvelut\/","name":"Tehohoitopalvelut - AronyAid Oy","isPartOf":{"@id":"https:\/\/www.aronyaid.fi\/#website"},"datePublished":"2021-08-20T09:45:15+00:00","dateModified":"2025-10-09T08:44:06+00:00","breadcrumb":{"@id":"https:\/\/www.aronyaid.fi\/index.php\/tehohoitopalvelut\/#breadcrumb"},"inLanguage":"fi","potentialAction":[{"@type":"ReadAction","target":["https:\/\/www.aronyaid.fi\/index.php\/tehohoitopalvelut\/"]}]},{"@type":"BreadcrumbList","@id":"https:\/\/www.aronyaid.fi\/index.php\/tehohoitopalvelut\/#breadcrumb","itemListElement":[{"@type":"ListItem","position":1,"name":"Etusivu","item":"https:\/\/www.aronyaid.fi\/"},{"@type":"ListItem","position":2,"name":"Tehohoitopalvelut"}]},{"@type":"WebSite","@id":"https:\/\/www.aronyaid.fi\/#website","url":"https:\/\/www.aronyaid.fi\/","name":"AronyAid Oy","description":"Anestesiapalvelut ja tehohoito","publisher":{"@id":"https:\/\/www.aronyaid.fi\/#organization"},"potentialAction":[{"@type":"SearchAction","target":{"@type":"EntryPoint","urlTemplate":"https:\/\/www.aronyaid.fi\/?s={search_term_string}"},"query-input":{"@type":"PropertyValueSpecification","valueRequired":true,"valueName":"search_term_string"}}],"inLanguage":"fi"},{"@type":"Organization","@id":"https:\/\/www.aronyaid.fi\/#organization","name":"AronyAid Oy","url":"https:\/\/www.aronyaid.fi\/","logo":{"@type":"ImageObject","inLanguage":"fi","@id":"https:\/\/www.aronyaid.fi\/#\/schema\/logo\/image\/","url":"https:\/\/www.aronyaid.fi\/wp-content\/uploads\/2021\/08\/cropped-AronyAid-valge-kitsas-logo-1-scaled-1.jpg","contentUrl":"https:\/\/www.aronyaid.fi\/wp-content\/uploads\/2021\/08\/cropped-AronyAid-valge-kitsas-logo-1-scaled-1.jpg","width":2560,"height":828,"caption":"AronyAid Oy"},"image":{"@id":"https:\/\/www.aronyaid.fi\/#\/schema\/logo\/image\/"}}]}},"jetpack_sharing_enabled":true,"_links":{"self":[{"href":"https:\/\/www.aronyaid.fi\/index.php\/wp-json\/wp\/v2\/pages\/47","targetHints":{"allow":["GET"]}}],"collection":[{"href":"https:\/\/www.aronyaid.fi\/index.php\/wp-json\/wp\/v2\/pages"}],"about":[{"href":"https:\/\/www.aronyaid.fi\/index.php\/wp-json\/wp\/v2\/types\/page"}],"author":[{"embeddable":true,"href":"https:\/\/www.aronyaid.fi\/index.php\/wp-json\/wp\/v2\/users\/1"}],"replies":[{"embeddable":true,"href":"https:\/\/www.aronyaid.fi\/index.php\/wp-json\/wp\/v2\/comments?post=47"}],"version-history":[{"count":18,"href":"https:\/\/www.aronyaid.fi\/index.php\/wp-json\/wp\/v2\/pages\/47\/revisions"}],"predecessor-version":[{"id":1065,"href":"https:\/\/www.aronyaid.fi\/index.php\/wp-json\/wp\/v2\/pages\/47\/revisions\/1065"}],"wp:attachment":[{"href":"https:\/\/www.aronyaid.fi\/index.php\/wp-json\/wp\/v2\/media?parent=47"}],"curies":[{"name":"wp","href":"https:\/\/api.w.org\/{rel}","templated":true}]}}