{"id":48,"date":"2021-08-20T09:45:15","date_gmt":"2021-08-20T06:45:15","guid":{"rendered":"http:\/\/www.aronyaid.fi\/?page_id=48"},"modified":"2025-10-02T12:28:33","modified_gmt":"2025-10-02T09:28:33","slug":"potilasvahinko","status":"publish","type":"page","link":"https:\/\/www.aronyaid.fi\/index.php\/potilasvahinko\/","title":{"rendered":"Potilasneuvonta hoitoon tai potilasvahinkoihin liittyen"},"content":{"rendered":"\n<div style=\"height:24px\" aria-hidden=\"true\" class=\"wp-block-spacer\"><\/div>\n\n\n\n<div style=\"height:16px\" aria-hidden=\"true\" class=\"wp-block-spacer\"><\/div>\n\n\n\n<div id=\"section-g510e71\" class=\"wp-block-gutentor-e6 section-g510e71 gutentor-element gutentor-element-image text-align-center-desktop\"><div class=\"gutentor-element-image-box\"><div class=\"gutentor-image-thumb\"><img decoding=\"async\" class=\"normal-image\" src=\"https:\/\/www.aronyaid.fi\/wp-content\/uploads\/2022\/08\/HAP18_SecondOpinion-01-2-e1518624415709.webp\" \/><\/div><\/div><\/div>\n\n\n\n<div style=\"height:22px\" aria-hidden=\"true\" class=\"wp-block-spacer\"><\/div>\n\n\n\n<div style=\"height:34px\" aria-hidden=\"true\" class=\"wp-block-spacer\"><\/div>\n\n\n\n<p class=\"has-text-align-center has-large-font-size\"><strong>Potilasneuvonta hoitoon tai vahinkoihin liittyen<\/strong><\/p>\n\n\n\n<div style=\"height:34px\" aria-hidden=\"true\" class=\"wp-block-spacer\"><\/div>\n\n\n\n<p class=\"has-text-align-center has-medium-font-size\">L\u00e4\u00e4ketiede on kehittynyt paljon viime vuosikymmenin\u00e4. Annetaan uusia ja monimutkaisia hoitoja yh\u00e4 vaan sairaammille\u202fja i\u00e4kk\u00e4\u00e4mmille\u202fpotilaille.\u00a0Hoitopaikkoja keskitet\u00e4\u00e4n yh\u00e4 enemm\u00e4n isoimpiin yksikk\u00f6ihin.<\/p>\n\n\n\n<div style=\"height:32px\" aria-hidden=\"true\" class=\"wp-block-spacer\"><\/div>\n\n\n\n<hr class=\"wp-block-separator has-css-opacity\"\/>\n\n\n\n<div style=\"height:23px\" aria-hidden=\"true\" class=\"wp-block-spacer\"><\/div>\n\n\n\n<p class=\"has-text-align-center has-medium-font-size\">Tehohoidossa t\u00e4ytyy p\u00e4\u00e4t\u00f6ksi\u00e4 tehd\u00e4 kiireess\u00e4, paineen alla, ymp\u00e4ri vuorokauden ja usein rajatuilla henkil\u00f6resursseilla.\u202f Vaikka potilaille ja omaisille pyrit\u00e4\u00e4n\u202faina antamaan\u202fmahdollisimman paljon\u202ftietoja, ovat l\u00e4\u00e4ketieteelliset asiat joskus hankalia ymm\u00e4rt\u00e4\u00e4. Sellaisissa tilanteissa &#8211; erityisesti, jos on kiire ja syntyy pienikin ristiriita hoitavan tahon ja potilaiden\/omaisten v\u00e4lill\u00e4\u202f\u2013\u202f\u201dsecond\u202fopinionin\u201d saaminen on vaikea, miltei mahdoton.\u202f\u202f Sen tilanteen ratkaisemiseksi tarjoammekin potilasneuvontaa &#8211; ehk\u00e4 vain tilanteen selitt\u00e4minen eri henkil\u00f6n toimesta auttaa ymm\u00e4rt\u00e4m\u00e4\u00e4n kokonaisuutta paremmin ja tuo mielenrauhaa.<\/p>\n\n\n\n<div style=\"height:10px\" aria-hidden=\"true\" class=\"wp-block-spacer\"><\/div>\n\n\n\n<hr class=\"wp-block-separator has-css-opacity\"\/>\n\n\n\n<div style=\"height:10px\" aria-hidden=\"true\" class=\"wp-block-spacer\"><\/div>\n\n\n\n<p class=\"has-text-align-center has-medium-font-size\">L\u00e4\u00e4ketiede on monimutkainen ja siin\u00e4 on usein eri tasoisia totuuksia &#8211; aina ei kyse ole virheest\u00e4. Asioiden selittely eri tavalla helpottaa usein ymm\u00e4rt\u00e4mist\u00e4 ja vaikeidenkin asioiden hyv\u00e4ksymist\u00e4. <\/p>\n\n\n\n<p class=\"has-text-align-center has-medium-font-size\">Meille on t\u00e4rke\u00e4, ett\u00e4 ihmiset saa halutessa pohtia asioita muun kuin hoitavan tahon kanssa. T\u00e4m\u00e4 on t\u00e4rke\u00e4 niin omaisille, kuin hoitoa antavalle taholle. Pyrkimyksemme on ensisijaisesti antaa asianosaisille neuvoa ja tukea hankalissa tilanteissa. Mik\u00e4li ongelmia on p\u00e4\u00e4ssyt kuitenkin syntym\u00e4\u00e4n, pystymme auttamaan siin\u00e4kin, sill\u00e4 teemme yhteisty\u00f6t\u00e4 nimenomaan potilasvahinkoasioihin keskittynyt lakiasiaintoimiston <a href=\"https:\/\/potilasvahinkoapu.fi\/\" target=\"_blank\" rel=\"noreferrer noopener\">Suomen Potilasvahinkoapu Oy<\/a>:n kanssa ja toimimme heid\u00e4n asiantuntial\u00e4\u00e4k\u00e4rein\u00e4.<\/p>\n\n\n\n<div style=\"height:34px\" aria-hidden=\"true\" class=\"wp-block-spacer\"><\/div>\n\n\n\n<div id=\"section-g13b334\" class=\"wp-block-gutentor-e2 section-g13b334 gutentor-element gutentor-element-button button-align-center-desktop\"><span class=\"gutentor-button-wrap\"><a class=\"gutentor-button gutentor-block-button gutentor-icon-hide\" href=\"https:\/\/www.aronyaid.fi\/index.php\/yhteenottolomake\/\"><i class=\"gutentor-button-icon fas fa-book\"><\/i><span>Ota yhteytt\u00e4<\/span><\/a><\/span><\/div>\n\n\n\n<p><\/p>\n","protected":false},"excerpt":{"rendered":"<p>Potilasneuvonta hoitoon tai vahinkoihin liittyen L\u00e4\u00e4ketiede on kehittynyt paljon viime vuosikymmenin\u00e4. Annetaan uusia ja monimutkaisia hoitoja yh\u00e4 vaan sairaammille\u202fja i\u00e4kk\u00e4\u00e4mmille\u202fpotilaille.\u00a0Hoitopaikkoja keskitet\u00e4\u00e4n yh\u00e4 enemm\u00e4n isoimpiin yksikk\u00f6ihin. Tehohoidossa t\u00e4ytyy p\u00e4\u00e4t\u00f6ksi\u00e4 tehd\u00e4 kiireess\u00e4, paineen alla, ymp\u00e4ri vuorokauden ja usein rajatuilla henkil\u00f6resursseilla.\u202f Vaikka potilaille ja omaisille pyrit\u00e4\u00e4n\u202faina antamaan\u202fmahdollisimman paljon\u202ftietoja, ovat l\u00e4\u00e4ketieteelliset asiat joskus hankalia ymm\u00e4rt\u00e4\u00e4. Sellaisissa tilanteissa &#8211; erityisesti,&hellip;<\/p>\n","protected":false},"author":1,"featured_media":0,"parent":0,"menu_order":0,"comment_status":"closed","ping_status":"closed","template":"","meta":{"footnotes":""},"class_list":["post-48","page","type-page","status-publish","hentry"],"yoast_head":"<!-- This site is optimized with the Yoast SEO plugin v27.4 - https:\/\/yoast.com\/product\/yoast-seo-wordpress\/ -->\n<title>Potilasneuvonta hoitoon tai potilasvahinkoihin liittyen - AronyAid Oy<\/title>\n<meta name=\"description\" content=\"Potilasneuvontaa erilaisiin tilanteisiin eritt\u00e4in kokeneiden l\u00e4\u00e4k\u00e4rien toimesta ja nimenomaan h\u00e4t\u00e4tilanteisii.\" \/>\n<meta name=\"robots\" content=\"index, follow, max-snippet:-1, max-image-preview:large, max-video-preview:-1\" \/>\n<link rel=\"canonical\" href=\"https:\/\/www.aronyaid.fi\/index.php\/potilasvahinko\/\" \/>\n<meta property=\"og:locale\" content=\"fi_FI\" \/>\n<meta property=\"og:type\" content=\"article\" \/>\n<meta property=\"og:title\" content=\"Potilasneuvonta hoitoon tai potilasvahinkoihin liittyen - AronyAid Oy\" \/>\n<meta property=\"og:description\" content=\"Potilasneuvontaa erilaisiin tilanteisiin eritt\u00e4in kokeneiden l\u00e4\u00e4k\u00e4rien toimesta ja nimenomaan h\u00e4t\u00e4tilanteisii.\" \/>\n<meta property=\"og:url\" content=\"https:\/\/www.aronyaid.fi\/index.php\/potilasvahinko\/\" \/>\n<meta property=\"og:site_name\" content=\"AronyAid Oy\" \/>\n<meta property=\"article:modified_time\" content=\"2025-10-02T09:28:33+00:00\" \/>\n<meta property=\"og:image\" content=\"https:\/\/www.aronyaid.fi\/wp-content\/uploads\/2022\/08\/HAP18_SecondOpinion-01-2-e1518624415709.webp\" \/>\n<meta name=\"twitter:card\" content=\"summary_large_image\" \/>\n<meta name=\"twitter:label1\" content=\"Arvioitu lukuaika\" \/>\n\t<meta name=\"twitter:data1\" content=\"2 minuuttia\" \/>\n<script type=\"application\/ld+json\" class=\"yoast-schema-graph\">{\"@context\":\"https:\\\/\\\/schema.org\",\"@graph\":[{\"@type\":\"WebPage\",\"@id\":\"https:\\\/\\\/www.aronyaid.fi\\\/index.php\\\/potilasvahinko\\\/\",\"url\":\"https:\\\/\\\/www.aronyaid.fi\\\/index.php\\\/potilasvahinko\\\/\",\"name\":\"Potilasneuvonta hoitoon tai potilasvahinkoihin liittyen - AronyAid Oy\",\"isPartOf\":{\"@id\":\"https:\\\/\\\/www.aronyaid.fi\\\/#website\"},\"primaryImageOfPage\":{\"@id\":\"https:\\\/\\\/www.aronyaid.fi\\\/index.php\\\/potilasvahinko\\\/#primaryimage\"},\"image\":{\"@id\":\"https:\\\/\\\/www.aronyaid.fi\\\/index.php\\\/potilasvahinko\\\/#primaryimage\"},\"thumbnailUrl\":\"https:\\\/\\\/www.aronyaid.fi\\\/wp-content\\\/uploads\\\/2022\\\/08\\\/HAP18_SecondOpinion-01-2-e1518624415709.webp\",\"datePublished\":\"2021-08-20T06:45:15+00:00\",\"dateModified\":\"2025-10-02T09:28:33+00:00\",\"description\":\"Potilasneuvontaa erilaisiin tilanteisiin eritt\u00e4in kokeneiden l\u00e4\u00e4k\u00e4rien toimesta ja nimenomaan h\u00e4t\u00e4tilanteisii.\",\"breadcrumb\":{\"@id\":\"https:\\\/\\\/www.aronyaid.fi\\\/index.php\\\/potilasvahinko\\\/#breadcrumb\"},\"inLanguage\":\"fi\",\"potentialAction\":[{\"@type\":\"ReadAction\",\"target\":[\"https:\\\/\\\/www.aronyaid.fi\\\/index.php\\\/potilasvahinko\\\/\"]}]},{\"@type\":\"ImageObject\",\"inLanguage\":\"fi\",\"@id\":\"https:\\\/\\\/www.aronyaid.fi\\\/index.php\\\/potilasvahinko\\\/#primaryimage\",\"url\":\"https:\\\/\\\/www.aronyaid.fi\\\/wp-content\\\/uploads\\\/2022\\\/08\\\/HAP18_SecondOpinion-01-2-e1518624415709.webp\",\"contentUrl\":\"https:\\\/\\\/www.aronyaid.fi\\\/wp-content\\\/uploads\\\/2022\\\/08\\\/HAP18_SecondOpinion-01-2-e1518624415709.webp\",\"width\":640,\"height\":335},{\"@type\":\"BreadcrumbList\",\"@id\":\"https:\\\/\\\/www.aronyaid.fi\\\/index.php\\\/potilasvahinko\\\/#breadcrumb\",\"itemListElement\":[{\"@type\":\"ListItem\",\"position\":1,\"name\":\"Etusivu\",\"item\":\"https:\\\/\\\/www.aronyaid.fi\\\/\"},{\"@type\":\"ListItem\",\"position\":2,\"name\":\"Potilasneuvonta hoitoon tai potilasvahinkoihin liittyen\"}]},{\"@type\":\"WebSite\",\"@id\":\"https:\\\/\\\/www.aronyaid.fi\\\/#website\",\"url\":\"https:\\\/\\\/www.aronyaid.fi\\\/\",\"name\":\"AronyAid Oy\",\"description\":\"Anestesiapalvelut ja tehohoito\",\"publisher\":{\"@id\":\"https:\\\/\\\/www.aronyaid.fi\\\/#organization\"},\"potentialAction\":[{\"@type\":\"SearchAction\",\"target\":{\"@type\":\"EntryPoint\",\"urlTemplate\":\"https:\\\/\\\/www.aronyaid.fi\\\/?s={search_term_string}\"},\"query-input\":{\"@type\":\"PropertyValueSpecification\",\"valueRequired\":true,\"valueName\":\"search_term_string\"}}],\"inLanguage\":\"fi\"},{\"@type\":\"Organization\",\"@id\":\"https:\\\/\\\/www.aronyaid.fi\\\/#organization\",\"name\":\"AronyAid Oy\",\"url\":\"https:\\\/\\\/www.aronyaid.fi\\\/\",\"logo\":{\"@type\":\"ImageObject\",\"inLanguage\":\"fi\",\"@id\":\"https:\\\/\\\/www.aronyaid.fi\\\/#\\\/schema\\\/logo\\\/image\\\/\",\"url\":\"https:\\\/\\\/www.aronyaid.fi\\\/wp-content\\\/uploads\\\/2021\\\/08\\\/cropped-AronyAid-valge-kitsas-logo-1-scaled-1.jpg\",\"contentUrl\":\"https:\\\/\\\/www.aronyaid.fi\\\/wp-content\\\/uploads\\\/2021\\\/08\\\/cropped-AronyAid-valge-kitsas-logo-1-scaled-1.jpg\",\"width\":2560,\"height\":828,\"caption\":\"AronyAid Oy\"},\"image\":{\"@id\":\"https:\\\/\\\/www.aronyaid.fi\\\/#\\\/schema\\\/logo\\\/image\\\/\"}}]}<\/script>\n<!-- \/ Yoast SEO plugin. -->","yoast_head_json":{"title":"Potilasneuvonta hoitoon tai potilasvahinkoihin liittyen - AronyAid Oy","description":"Potilasneuvontaa erilaisiin tilanteisiin eritt\u00e4in kokeneiden l\u00e4\u00e4k\u00e4rien toimesta ja nimenomaan h\u00e4t\u00e4tilanteisii.","robots":{"index":"index","follow":"follow","max-snippet":"max-snippet:-1","max-image-preview":"max-image-preview:large","max-video-preview":"max-video-preview:-1"},"canonical":"https:\/\/www.aronyaid.fi\/index.php\/potilasvahinko\/","og_locale":"fi_FI","og_type":"article","og_title":"Potilasneuvonta hoitoon tai potilasvahinkoihin liittyen - AronyAid Oy","og_description":"Potilasneuvontaa erilaisiin tilanteisiin eritt\u00e4in kokeneiden l\u00e4\u00e4k\u00e4rien toimesta ja nimenomaan h\u00e4t\u00e4tilanteisii.","og_url":"https:\/\/www.aronyaid.fi\/index.php\/potilasvahinko\/","og_site_name":"AronyAid Oy","article_modified_time":"2025-10-02T09:28:33+00:00","og_image":[{"url":"https:\/\/www.aronyaid.fi\/wp-content\/uploads\/2022\/08\/HAP18_SecondOpinion-01-2-e1518624415709.webp","type":"","width":"","height":""}],"twitter_card":"summary_large_image","twitter_misc":{"Arvioitu lukuaika":"2 minuuttia"},"schema":{"@context":"https:\/\/schema.org","@graph":[{"@type":"WebPage","@id":"https:\/\/www.aronyaid.fi\/index.php\/potilasvahinko\/","url":"https:\/\/www.aronyaid.fi\/index.php\/potilasvahinko\/","name":"Potilasneuvonta hoitoon tai potilasvahinkoihin liittyen - AronyAid Oy","isPartOf":{"@id":"https:\/\/www.aronyaid.fi\/#website"},"primaryImageOfPage":{"@id":"https:\/\/www.aronyaid.fi\/index.php\/potilasvahinko\/#primaryimage"},"image":{"@id":"https:\/\/www.aronyaid.fi\/index.php\/potilasvahinko\/#primaryimage"},"thumbnailUrl":"https:\/\/www.aronyaid.fi\/wp-content\/uploads\/2022\/08\/HAP18_SecondOpinion-01-2-e1518624415709.webp","datePublished":"2021-08-20T06:45:15+00:00","dateModified":"2025-10-02T09:28:33+00:00","description":"Potilasneuvontaa erilaisiin tilanteisiin eritt\u00e4in kokeneiden l\u00e4\u00e4k\u00e4rien toimesta ja nimenomaan h\u00e4t\u00e4tilanteisii.","breadcrumb":{"@id":"https:\/\/www.aronyaid.fi\/index.php\/potilasvahinko\/#breadcrumb"},"inLanguage":"fi","potentialAction":[{"@type":"ReadAction","target":["https:\/\/www.aronyaid.fi\/index.php\/potilasvahinko\/"]}]},{"@type":"ImageObject","inLanguage":"fi","@id":"https:\/\/www.aronyaid.fi\/index.php\/potilasvahinko\/#primaryimage","url":"https:\/\/www.aronyaid.fi\/wp-content\/uploads\/2022\/08\/HAP18_SecondOpinion-01-2-e1518624415709.webp","contentUrl":"https:\/\/www.aronyaid.fi\/wp-content\/uploads\/2022\/08\/HAP18_SecondOpinion-01-2-e1518624415709.webp","width":640,"height":335},{"@type":"BreadcrumbList","@id":"https:\/\/www.aronyaid.fi\/index.php\/potilasvahinko\/#breadcrumb","itemListElement":[{"@type":"ListItem","position":1,"name":"Etusivu","item":"https:\/\/www.aronyaid.fi\/"},{"@type":"ListItem","position":2,"name":"Potilasneuvonta hoitoon tai potilasvahinkoihin liittyen"}]},{"@type":"WebSite","@id":"https:\/\/www.aronyaid.fi\/#website","url":"https:\/\/www.aronyaid.fi\/","name":"AronyAid Oy","description":"Anestesiapalvelut ja tehohoito","publisher":{"@id":"https:\/\/www.aronyaid.fi\/#organization"},"potentialAction":[{"@type":"SearchAction","target":{"@type":"EntryPoint","urlTemplate":"https:\/\/www.aronyaid.fi\/?s={search_term_string}"},"query-input":{"@type":"PropertyValueSpecification","valueRequired":true,"valueName":"search_term_string"}}],"inLanguage":"fi"},{"@type":"Organization","@id":"https:\/\/www.aronyaid.fi\/#organization","name":"AronyAid Oy","url":"https:\/\/www.aronyaid.fi\/","logo":{"@type":"ImageObject","inLanguage":"fi","@id":"https:\/\/www.aronyaid.fi\/#\/schema\/logo\/image\/","url":"https:\/\/www.aronyaid.fi\/wp-content\/uploads\/2021\/08\/cropped-AronyAid-valge-kitsas-logo-1-scaled-1.jpg","contentUrl":"https:\/\/www.aronyaid.fi\/wp-content\/uploads\/2021\/08\/cropped-AronyAid-valge-kitsas-logo-1-scaled-1.jpg","width":2560,"height":828,"caption":"AronyAid Oy"},"image":{"@id":"https:\/\/www.aronyaid.fi\/#\/schema\/logo\/image\/"}}]}},"jetpack_sharing_enabled":true,"_links":{"self":[{"href":"https:\/\/www.aronyaid.fi\/index.php\/wp-json\/wp\/v2\/pages\/48","targetHints":{"allow":["GET"]}}],"collection":[{"href":"https:\/\/www.aronyaid.fi\/index.php\/wp-json\/wp\/v2\/pages"}],"about":[{"href":"https:\/\/www.aronyaid.fi\/index.php\/wp-json\/wp\/v2\/types\/page"}],"author":[{"embeddable":true,"href":"https:\/\/www.aronyaid.fi\/index.php\/wp-json\/wp\/v2\/users\/1"}],"replies":[{"embeddable":true,"href":"https:\/\/www.aronyaid.fi\/index.php\/wp-json\/wp\/v2\/comments?post=48"}],"version-history":[{"count":24,"href":"https:\/\/www.aronyaid.fi\/index.php\/wp-json\/wp\/v2\/pages\/48\/revisions"}],"predecessor-version":[{"id":1047,"href":"https:\/\/www.aronyaid.fi\/index.php\/wp-json\/wp\/v2\/pages\/48\/revisions\/1047"}],"wp:attachment":[{"href":"https:\/\/www.aronyaid.fi\/index.php\/wp-json\/wp\/v2\/media?parent=48"}],"curies":[{"name":"wp","href":"https:\/\/api.w.org\/{rel}","templated":true}]}}