{"id":50,"date":"2021-08-20T09:45:15","date_gmt":"2021-08-20T06:45:15","guid":{"rendered":"http:\/\/www.aronyaid.fi\/?page_id=50"},"modified":"2022-08-12T13:10:39","modified_gmt":"2022-08-12T10:10:39","slug":"leikkausyksikon-toiminnan-tehostaminen","status":"publish","type":"page","link":"https:\/\/www.aronyaid.fi\/index.php\/leikkausyksikon-toiminnan-tehostaminen\/","title":{"rendered":"Teho-osaston tai leikkausyksik\u00f6n toiminnan tehostaminen"},"content":{"rendered":"\n<div id=\"section-g97c980\" class=\"wp-block-gutentor-e6 section-g97c980 gutentor-element gutentor-element-image text-align-center-desktop\"><div class=\"gutentor-element-image-box\"><div class=\"gutentor-image-thumb\"><img decoding=\"async\" class=\"normal-image\" src=\"https:\/\/www.aronyaid.fi\/wp-content\/uploads\/2022\/08\/9d470fb4e3ce502e2b563708f7828e1c.jpg\" \/><\/div><\/div><\/div>\n\n\n\n<div style=\"height:51px\" aria-hidden=\"true\" class=\"wp-block-spacer\"><\/div>\n\n\n\n<p class=\"has-text-align-center has-medium-font-size\">Riippumatta siit\u00e4, onko sairaala ja sen leikkausyksikk\u00f6 tai teho-osasto pieni tai iso \u2013 se on aina kallis kokonaisuus yll\u00e4pit\u00e4\u00e4. Alkuinvestointeja lukuun ottamatta leikkausyksik\u00f6n kulut aiheutuvat p\u00e4\u00e4soin toiminnan j\u00e4rjest\u00e4misest\u00e4. Asianmukaisilla j\u00e4rjestelyill\u00e4 ja suunnitelulla kulut v\u00e4henev\u00e4t huomattavasti \u2013 t\u00e4m\u00e4 j\u00e4\u00e4 usein huomaamatta. <\/p>\n\n\n\n<div style=\"height:27px\" aria-hidden=\"true\" class=\"wp-block-spacer\"><\/div>\n\n\n\n<p class=\"has-text-align-center has-medium-font-size\">Koska olemme olleet mukana useampien sek\u00e4 uusien yksik\u00f6iden k\u00e4ynnistyksess\u00e4, ett\u00e4 vanhojen yksikk\u00f6jen uudelleen organisoinnissa, meille on vuosien varrella karttunut eritt\u00e4in laaja kokemus leikkausyksikk\u00f6jen ja teho-osastojen toiminnan kustannustehokkaasta kehitt\u00e4misest\u00e4.<\/p>\n\n\n\n<div style=\"height:32px\" aria-hidden=\"true\" class=\"wp-block-spacer\"><\/div>\n\n\n\n<p class=\"has-text-align-center has-medium-font-size\">On sanottu, ett\u00e4 viisas oppii muiden tekemist\u00e4 virheist\u00e4 &#8211; olemme olleet vuosien varrella tekem\u00e4ss\u00e4 &#8221;monia virhett\u00e4&#8221;, mutta my\u00f6s monia onnistumisia &#8211; jaamme mielell\u00e4mme kokemuksiamme &#8211; joten olet tervetullut hy\u00f6tym\u00e4n niist\u00e4!<\/p>\n\n\n\n<div id=\"section-g783af0\" class=\"wp-block-gutentor-e2 section-g783af0 gutentor-element gutentor-element-button button-align-center-desktop\"><span class=\"gutentor-button-wrap\"><a class=\"gutentor-button gutentor-block-button gutentor-icon-hide\" href=\"https:\/\/www.aronyaid.fi\/index.php\/yhteenottolomake\/\"><i class=\"gutentor-button-icon fas fa-book\"><\/i><span>Ota yhteytt\u00e4<\/span><\/a><\/span><\/div>\n","protected":false},"excerpt":{"rendered":"<p>Riippumatta siit\u00e4, onko sairaala ja sen leikkausyksikk\u00f6 tai teho-osasto pieni tai iso \u2013 se on aina kallis kokonaisuus yll\u00e4pit\u00e4\u00e4. Alkuinvestointeja lukuun ottamatta leikkausyksik\u00f6n kulut aiheutuvat p\u00e4\u00e4soin toiminnan j\u00e4rjest\u00e4misest\u00e4. Asianmukaisilla j\u00e4rjestelyill\u00e4 ja suunnitelulla kulut v\u00e4henev\u00e4t huomattavasti \u2013 t\u00e4m\u00e4 j\u00e4\u00e4 usein huomaamatta. Koska olemme olleet mukana useampien sek\u00e4 uusien yksik\u00f6iden k\u00e4ynnistyksess\u00e4, ett\u00e4 vanhojen yksikk\u00f6jen uudelleen organisoinnissa, meille&hellip;<\/p>\n","protected":false},"author":1,"featured_media":0,"parent":0,"menu_order":0,"comment_status":"closed","ping_status":"closed","template":"","meta":{"footnotes":""},"class_list":["post-50","page","type-page","status-publish","hentry"],"yoast_head":"<!-- This site is optimized with the Yoast SEO plugin v27.4 - https:\/\/yoast.com\/product\/yoast-seo-wordpress\/ -->\n<title>Teho-osaston tai leikkausyksik\u00f6n toiminnan tehostaminen - AronyAid Oy<\/title>\n<meta name=\"robots\" content=\"index, follow, max-snippet:-1, max-image-preview:large, max-video-preview:-1\" \/>\n<link rel=\"canonical\" href=\"https:\/\/www.aronyaid.fi\/index.php\/leikkausyksikon-toiminnan-tehostaminen\/\" \/>\n<meta property=\"og:locale\" content=\"fi_FI\" \/>\n<meta property=\"og:type\" content=\"article\" \/>\n<meta property=\"og:title\" content=\"Teho-osaston tai leikkausyksik\u00f6n toiminnan tehostaminen - AronyAid Oy\" \/>\n<meta property=\"og:description\" content=\"Riippumatta siit\u00e4, onko sairaala ja sen leikkausyksikk\u00f6 tai teho-osasto pieni tai iso \u2013 se on aina kallis kokonaisuus yll\u00e4pit\u00e4\u00e4. Alkuinvestointeja lukuun ottamatta leikkausyksik\u00f6n kulut aiheutuvat p\u00e4\u00e4soin toiminnan j\u00e4rjest\u00e4misest\u00e4. Asianmukaisilla j\u00e4rjestelyill\u00e4 ja suunnitelulla kulut v\u00e4henev\u00e4t huomattavasti \u2013 t\u00e4m\u00e4 j\u00e4\u00e4 usein huomaamatta. Koska olemme olleet mukana useampien sek\u00e4 uusien yksik\u00f6iden k\u00e4ynnistyksess\u00e4, ett\u00e4 vanhojen yksikk\u00f6jen uudelleen organisoinnissa, meille&hellip;\" \/>\n<meta property=\"og:url\" content=\"https:\/\/www.aronyaid.fi\/index.php\/leikkausyksikon-toiminnan-tehostaminen\/\" \/>\n<meta property=\"og:site_name\" content=\"AronyAid Oy\" \/>\n<meta property=\"article:modified_time\" content=\"2022-08-12T10:10:39+00:00\" \/>\n<meta property=\"og:image\" content=\"https:\/\/www.aronyaid.fi\/wp-content\/uploads\/2022\/08\/9d470fb4e3ce502e2b563708f7828e1c.jpg\" \/>\n<meta name=\"twitter:card\" content=\"summary_large_image\" \/>\n<meta name=\"twitter:label1\" content=\"Arvioitu lukuaika\" \/>\n\t<meta name=\"twitter:data1\" content=\"1 minuutti\" \/>\n<script type=\"application\/ld+json\" class=\"yoast-schema-graph\">{\"@context\":\"https:\\\/\\\/schema.org\",\"@graph\":[{\"@type\":\"WebPage\",\"@id\":\"https:\\\/\\\/www.aronyaid.fi\\\/index.php\\\/leikkausyksikon-toiminnan-tehostaminen\\\/\",\"url\":\"https:\\\/\\\/www.aronyaid.fi\\\/index.php\\\/leikkausyksikon-toiminnan-tehostaminen\\\/\",\"name\":\"Teho-osaston tai leikkausyksik\u00f6n toiminnan tehostaminen - AronyAid Oy\",\"isPartOf\":{\"@id\":\"https:\\\/\\\/www.aronyaid.fi\\\/#website\"},\"primaryImageOfPage\":{\"@id\":\"https:\\\/\\\/www.aronyaid.fi\\\/index.php\\\/leikkausyksikon-toiminnan-tehostaminen\\\/#primaryimage\"},\"image\":{\"@id\":\"https:\\\/\\\/www.aronyaid.fi\\\/index.php\\\/leikkausyksikon-toiminnan-tehostaminen\\\/#primaryimage\"},\"thumbnailUrl\":\"https:\\\/\\\/www.aronyaid.fi\\\/wp-content\\\/uploads\\\/2022\\\/08\\\/9d470fb4e3ce502e2b563708f7828e1c.jpg\",\"datePublished\":\"2021-08-20T06:45:15+00:00\",\"dateModified\":\"2022-08-12T10:10:39+00:00\",\"breadcrumb\":{\"@id\":\"https:\\\/\\\/www.aronyaid.fi\\\/index.php\\\/leikkausyksikon-toiminnan-tehostaminen\\\/#breadcrumb\"},\"inLanguage\":\"fi\",\"potentialAction\":[{\"@type\":\"ReadAction\",\"target\":[\"https:\\\/\\\/www.aronyaid.fi\\\/index.php\\\/leikkausyksikon-toiminnan-tehostaminen\\\/\"]}]},{\"@type\":\"ImageObject\",\"inLanguage\":\"fi\",\"@id\":\"https:\\\/\\\/www.aronyaid.fi\\\/index.php\\\/leikkausyksikon-toiminnan-tehostaminen\\\/#primaryimage\",\"url\":\"https:\\\/\\\/www.aronyaid.fi\\\/wp-content\\\/uploads\\\/2022\\\/08\\\/9d470fb4e3ce502e2b563708f7828e1c.jpg\",\"contentUrl\":\"https:\\\/\\\/www.aronyaid.fi\\\/wp-content\\\/uploads\\\/2022\\\/08\\\/9d470fb4e3ce502e2b563708f7828e1c.jpg\",\"width\":564,\"height\":564},{\"@type\":\"BreadcrumbList\",\"@id\":\"https:\\\/\\\/www.aronyaid.fi\\\/index.php\\\/leikkausyksikon-toiminnan-tehostaminen\\\/#breadcrumb\",\"itemListElement\":[{\"@type\":\"ListItem\",\"position\":1,\"name\":\"Etusivu\",\"item\":\"https:\\\/\\\/www.aronyaid.fi\\\/\"},{\"@type\":\"ListItem\",\"position\":2,\"name\":\"Teho-osaston tai leikkausyksik\u00f6n toiminnan tehostaminen\"}]},{\"@type\":\"WebSite\",\"@id\":\"https:\\\/\\\/www.aronyaid.fi\\\/#website\",\"url\":\"https:\\\/\\\/www.aronyaid.fi\\\/\",\"name\":\"AronyAid Oy\",\"description\":\"Anestesiapalvelut ja tehohoito\",\"publisher\":{\"@id\":\"https:\\\/\\\/www.aronyaid.fi\\\/#organization\"},\"potentialAction\":[{\"@type\":\"SearchAction\",\"target\":{\"@type\":\"EntryPoint\",\"urlTemplate\":\"https:\\\/\\\/www.aronyaid.fi\\\/?s={search_term_string}\"},\"query-input\":{\"@type\":\"PropertyValueSpecification\",\"valueRequired\":true,\"valueName\":\"search_term_string\"}}],\"inLanguage\":\"fi\"},{\"@type\":\"Organization\",\"@id\":\"https:\\\/\\\/www.aronyaid.fi\\\/#organization\",\"name\":\"AronyAid Oy\",\"url\":\"https:\\\/\\\/www.aronyaid.fi\\\/\",\"logo\":{\"@type\":\"ImageObject\",\"inLanguage\":\"fi\",\"@id\":\"https:\\\/\\\/www.aronyaid.fi\\\/#\\\/schema\\\/logo\\\/image\\\/\",\"url\":\"https:\\\/\\\/www.aronyaid.fi\\\/wp-content\\\/uploads\\\/2021\\\/08\\\/cropped-AronyAid-valge-kitsas-logo-1-scaled-1.jpg\",\"contentUrl\":\"https:\\\/\\\/www.aronyaid.fi\\\/wp-content\\\/uploads\\\/2021\\\/08\\\/cropped-AronyAid-valge-kitsas-logo-1-scaled-1.jpg\",\"width\":2560,\"height\":828,\"caption\":\"AronyAid Oy\"},\"image\":{\"@id\":\"https:\\\/\\\/www.aronyaid.fi\\\/#\\\/schema\\\/logo\\\/image\\\/\"}}]}<\/script>\n<!-- \/ Yoast SEO plugin. -->","yoast_head_json":{"title":"Teho-osaston tai leikkausyksik\u00f6n toiminnan tehostaminen - AronyAid Oy","robots":{"index":"index","follow":"follow","max-snippet":"max-snippet:-1","max-image-preview":"max-image-preview:large","max-video-preview":"max-video-preview:-1"},"canonical":"https:\/\/www.aronyaid.fi\/index.php\/leikkausyksikon-toiminnan-tehostaminen\/","og_locale":"fi_FI","og_type":"article","og_title":"Teho-osaston tai leikkausyksik\u00f6n toiminnan tehostaminen - AronyAid Oy","og_description":"Riippumatta siit\u00e4, onko sairaala ja sen leikkausyksikk\u00f6 tai teho-osasto pieni tai iso \u2013 se on aina kallis kokonaisuus yll\u00e4pit\u00e4\u00e4. Alkuinvestointeja lukuun ottamatta leikkausyksik\u00f6n kulut aiheutuvat p\u00e4\u00e4soin toiminnan j\u00e4rjest\u00e4misest\u00e4. Asianmukaisilla j\u00e4rjestelyill\u00e4 ja suunnitelulla kulut v\u00e4henev\u00e4t huomattavasti \u2013 t\u00e4m\u00e4 j\u00e4\u00e4 usein huomaamatta. Koska olemme olleet mukana useampien sek\u00e4 uusien yksik\u00f6iden k\u00e4ynnistyksess\u00e4, ett\u00e4 vanhojen yksikk\u00f6jen uudelleen organisoinnissa, meille&hellip;","og_url":"https:\/\/www.aronyaid.fi\/index.php\/leikkausyksikon-toiminnan-tehostaminen\/","og_site_name":"AronyAid Oy","article_modified_time":"2022-08-12T10:10:39+00:00","og_image":[{"url":"https:\/\/www.aronyaid.fi\/wp-content\/uploads\/2022\/08\/9d470fb4e3ce502e2b563708f7828e1c.jpg","type":"","width":"","height":""}],"twitter_card":"summary_large_image","twitter_misc":{"Arvioitu lukuaika":"1 minuutti"},"schema":{"@context":"https:\/\/schema.org","@graph":[{"@type":"WebPage","@id":"https:\/\/www.aronyaid.fi\/index.php\/leikkausyksikon-toiminnan-tehostaminen\/","url":"https:\/\/www.aronyaid.fi\/index.php\/leikkausyksikon-toiminnan-tehostaminen\/","name":"Teho-osaston tai leikkausyksik\u00f6n toiminnan tehostaminen - AronyAid Oy","isPartOf":{"@id":"https:\/\/www.aronyaid.fi\/#website"},"primaryImageOfPage":{"@id":"https:\/\/www.aronyaid.fi\/index.php\/leikkausyksikon-toiminnan-tehostaminen\/#primaryimage"},"image":{"@id":"https:\/\/www.aronyaid.fi\/index.php\/leikkausyksikon-toiminnan-tehostaminen\/#primaryimage"},"thumbnailUrl":"https:\/\/www.aronyaid.fi\/wp-content\/uploads\/2022\/08\/9d470fb4e3ce502e2b563708f7828e1c.jpg","datePublished":"2021-08-20T06:45:15+00:00","dateModified":"2022-08-12T10:10:39+00:00","breadcrumb":{"@id":"https:\/\/www.aronyaid.fi\/index.php\/leikkausyksikon-toiminnan-tehostaminen\/#breadcrumb"},"inLanguage":"fi","potentialAction":[{"@type":"ReadAction","target":["https:\/\/www.aronyaid.fi\/index.php\/leikkausyksikon-toiminnan-tehostaminen\/"]}]},{"@type":"ImageObject","inLanguage":"fi","@id":"https:\/\/www.aronyaid.fi\/index.php\/leikkausyksikon-toiminnan-tehostaminen\/#primaryimage","url":"https:\/\/www.aronyaid.fi\/wp-content\/uploads\/2022\/08\/9d470fb4e3ce502e2b563708f7828e1c.jpg","contentUrl":"https:\/\/www.aronyaid.fi\/wp-content\/uploads\/2022\/08\/9d470fb4e3ce502e2b563708f7828e1c.jpg","width":564,"height":564},{"@type":"BreadcrumbList","@id":"https:\/\/www.aronyaid.fi\/index.php\/leikkausyksikon-toiminnan-tehostaminen\/#breadcrumb","itemListElement":[{"@type":"ListItem","position":1,"name":"Etusivu","item":"https:\/\/www.aronyaid.fi\/"},{"@type":"ListItem","position":2,"name":"Teho-osaston tai leikkausyksik\u00f6n toiminnan tehostaminen"}]},{"@type":"WebSite","@id":"https:\/\/www.aronyaid.fi\/#website","url":"https:\/\/www.aronyaid.fi\/","name":"AronyAid Oy","description":"Anestesiapalvelut ja tehohoito","publisher":{"@id":"https:\/\/www.aronyaid.fi\/#organization"},"potentialAction":[{"@type":"SearchAction","target":{"@type":"EntryPoint","urlTemplate":"https:\/\/www.aronyaid.fi\/?s={search_term_string}"},"query-input":{"@type":"PropertyValueSpecification","valueRequired":true,"valueName":"search_term_string"}}],"inLanguage":"fi"},{"@type":"Organization","@id":"https:\/\/www.aronyaid.fi\/#organization","name":"AronyAid Oy","url":"https:\/\/www.aronyaid.fi\/","logo":{"@type":"ImageObject","inLanguage":"fi","@id":"https:\/\/www.aronyaid.fi\/#\/schema\/logo\/image\/","url":"https:\/\/www.aronyaid.fi\/wp-content\/uploads\/2021\/08\/cropped-AronyAid-valge-kitsas-logo-1-scaled-1.jpg","contentUrl":"https:\/\/www.aronyaid.fi\/wp-content\/uploads\/2021\/08\/cropped-AronyAid-valge-kitsas-logo-1-scaled-1.jpg","width":2560,"height":828,"caption":"AronyAid Oy"},"image":{"@id":"https:\/\/www.aronyaid.fi\/#\/schema\/logo\/image\/"}}]}},"jetpack_sharing_enabled":true,"_links":{"self":[{"href":"https:\/\/www.aronyaid.fi\/index.php\/wp-json\/wp\/v2\/pages\/50","targetHints":{"allow":["GET"]}}],"collection":[{"href":"https:\/\/www.aronyaid.fi\/index.php\/wp-json\/wp\/v2\/pages"}],"about":[{"href":"https:\/\/www.aronyaid.fi\/index.php\/wp-json\/wp\/v2\/types\/page"}],"author":[{"embeddable":true,"href":"https:\/\/www.aronyaid.fi\/index.php\/wp-json\/wp\/v2\/users\/1"}],"replies":[{"embeddable":true,"href":"https:\/\/www.aronyaid.fi\/index.php\/wp-json\/wp\/v2\/comments?post=50"}],"version-history":[{"count":8,"href":"https:\/\/www.aronyaid.fi\/index.php\/wp-json\/wp\/v2\/pages\/50\/revisions"}],"predecessor-version":[{"id":710,"href":"https:\/\/www.aronyaid.fi\/index.php\/wp-json\/wp\/v2\/pages\/50\/revisions\/710"}],"wp:attachment":[{"href":"https:\/\/www.aronyaid.fi\/index.php\/wp-json\/wp\/v2\/media?parent=50"}],"curies":[{"name":"wp","href":"https:\/\/api.w.org\/{rel}","templated":true}]}}