{"id":823,"date":"2024-04-15T19:30:51","date_gmt":"2024-04-15T16:30:51","guid":{"rendered":"https:\/\/www.aronyaid.fi\/?page_id=823"},"modified":"2024-04-15T19:30:52","modified_gmt":"2024-04-15T16:30:52","slug":"vuokralaitteet","status":"publish","type":"page","link":"https:\/\/www.aronyaid.fi\/index.php\/vuokralaitteet\/","title":{"rendered":"Vuokralaitteet"},"content":{"rendered":"\n<h2 class=\"wp-block-heading\">Laitteiston hankinnoissa on panostettu luotettavuuteen, kest\u00e4vyyteen ja helppok\u00e4ytt\u00f6isyyteen<\/h2>\n\n\n\n<div style=\"height:38px\" aria-hidden=\"true\" class=\"wp-block-spacer\"><\/div>\n\n\n\n<p class=\"has-medium-font-size\">Anestesiaty\u00f6asemat ovat p\u00e4\u00e4s\u00e4\u00e4nt\u00f6isesti Dr\u00e4gerin tuotteita, mutta valikoimastamme l\u00f6ytyy my\u00f6s muutama GE:n Carestation ty\u00f6asema<\/p>\n\n\n\n<div style=\"height:11px\" aria-hidden=\"true\" class=\"wp-block-spacer\"><\/div>\n\n\n\n<hr class=\"wp-block-separator has-alpha-channel-opacity\"\/>\n\n\n\n<div style=\"height:13px\" aria-hidden=\"true\" class=\"wp-block-spacer\"><\/div>\n\n\n\n<p class=\"has-medium-font-size\">Monitoroinnissa p\u00e4\u00e4asiallinen tuoteryhm\u00e4 on GE:n Carescape, tarkemmin Carescape B650 ja Carescape ONE<\/p>\n\n\n\n<div style=\"height:10px\" aria-hidden=\"true\" class=\"wp-block-spacer\"><\/div>\n\n\n\n<hr class=\"wp-block-separator has-alpha-channel-opacity\"\/>\n\n\n\n<div style=\"height:12px\" aria-hidden=\"true\" class=\"wp-block-spacer\"><\/div>\n\n\n\n<p class=\"has-medium-font-size\">Infuusiolaitteisto koostuu yksinomaan B.Braunin tuotteista<\/p>\n\n\n\n<div style=\"height:61px\" aria-hidden=\"true\" class=\"wp-block-spacer\"><\/div>\n\n\n\n<section id=\"section-b6bc242f-048b-4a5c-a4c5-3b6d9e1478f2\" class=\"wp-block-gutentor-gallery gutentor-section gutentor-gallery gutentor-gallery-wrapper enable-masonry gallery-template1 has-color-bg has-custom-bg\"><div class=\"grid-container\"><div class=\"grid-row gutentor-grid-item-wrap full-width-row\"><div class=\"gutentor-gallery-item grid-lg-4 grid-md-4 grid-12\"><div class=\"gutentor-single-item gutentor-image gutentor-single-item-0\"><div class=\"gutentor-gallery-item-wrap\"><div class=\"gutentor-single-item-image-box\"><div class=\"gutentor-image-thumb\"><img loading=\"lazy\" decoding=\"async\" class=\"normal-image\" src=\"https:\/\/www.aronyaid.fi\/wp-content\/uploads\/2024\/04\/drager-primus-anesthesia-machine.jpg\" alt=\"\" height=\"648\" width=\"519\" \/><\/div><\/div><div class=\"gutentor-single-item-content\"><div class=\"gutentor-gallery-item-header\"><h3 class=\"gutentor-single-item-title\">Dr\u00e4ger Primus<\/h3><a href=\"https:\/\/www.aronyaid.fi\/wp-content\/uploads\/2024\/04\/drager-primus-anesthesia-machine.jpg\" class=\"image-gallery\"><i class=\"gallery-icon fas fa-search\"><\/i><\/a><\/div><div class=\"gutentor-gallery-item-desc\"><\/div><\/div><\/div><\/div><\/div><div class=\"gutentor-gallery-item grid-lg-4 grid-md-4 grid-12\"><div class=\"gutentor-single-item gutentor-image gutentor-single-item-1\"><div class=\"gutentor-gallery-item-wrap\"><div class=\"gutentor-single-item-image-box\"><div class=\"gutentor-image-thumb\"><img loading=\"lazy\" decoding=\"async\" class=\"normal-image\" src=\"https:\/\/www.aronyaid.fi\/wp-content\/uploads\/2024\/04\/Draeger-Atlan-A350-A350-XL-01-D-12673-2018.avif\" alt=\"\" height=\"512\" width=\"768\" \/><\/div><\/div><div class=\"gutentor-single-item-content\"><div class=\"gutentor-gallery-item-header\"><h3 class=\"gutentor-single-item-title\">Dr\u00e4ger Atlan A350<\/h3><a href=\"https:\/\/www.aronyaid.fi\/wp-content\/uploads\/2024\/04\/Draeger-Atlan-A350-A350-XL-01-D-12673-2018.avif\" class=\"image-gallery\"><i class=\"gallery-icon fas fa-search\"><\/i><\/a><\/div><div class=\"gutentor-gallery-item-desc\"><\/div><\/div><\/div><\/div><\/div><div class=\"gutentor-gallery-item grid-lg-4 grid-md-4 grid-12\"><div class=\"gutentor-single-item gutentor-image gutentor-single-item-2\"><div class=\"gutentor-gallery-item-wrap\"><div class=\"gutentor-single-item-image-box\"><div class=\"gutentor-image-thumb\"><img loading=\"lazy\" decoding=\"async\" class=\"normal-image\" src=\"https:\/\/www.aronyaid.fi\/wp-content\/uploads\/2024\/04\/Perseus.png\" alt=\"\" height=\"400\" width=\"400\" \/><\/div><\/div><div class=\"gutentor-single-item-content\"><div class=\"gutentor-gallery-item-header\"><h3 class=\"gutentor-single-item-title\">Dr\u00e4ger Perseus A500<\/h3><a href=\"https:\/\/www.aronyaid.fi\/wp-content\/uploads\/2024\/04\/Perseus.png\" class=\"image-gallery\"><i class=\"gallery-icon fas fa-search\"><\/i><\/a><\/div><div class=\"gutentor-gallery-item-desc\"><\/div><\/div><\/div><\/div><\/div><div class=\"gutentor-gallery-item grid-lg-4 grid-md-4 grid-12\"><div class=\"gutentor-single-item gutentor-image gutentor-single-item-3\"><div class=\"gutentor-gallery-item-wrap\"><div class=\"gutentor-single-item-image-box\"><div class=\"gutentor-image-thumb\"><img loading=\"lazy\" decoding=\"async\" class=\"normal-image\" src=\"https:\/\/www.aronyaid.fi\/wp-content\/uploads\/2024\/04\/Primus-IE.jpg\" alt=\"\" height=\"256\" width=\"197\" \/><\/div><\/div><div class=\"gutentor-single-item-content\"><div class=\"gutentor-gallery-item-header\"><h3 class=\"gutentor-single-item-title\">Dr\u00e4ger Primus IE<\/h3><a href=\"https:\/\/www.aronyaid.fi\/wp-content\/uploads\/2024\/04\/Primus-IE.jpg\" class=\"image-gallery\"><i class=\"gallery-icon fas fa-search\"><\/i><\/a><\/div><div class=\"gutentor-gallery-item-desc\"><\/div><\/div><\/div><\/div><\/div><div class=\"gutentor-gallery-item grid-lg-4 grid-md-4 grid-12\"><div class=\"gutentor-single-item gutentor-image gutentor-single-item-4\"><div class=\"gutentor-gallery-item-wrap\"><div class=\"gutentor-single-item-image-box\"><div class=\"gutentor-image-thumb\"><img loading=\"lazy\" decoding=\"async\" class=\"normal-image\" src=\"https:\/\/www.aronyaid.fi\/wp-content\/uploads\/2024\/04\/Carestation-650-hero-active-new.jpg\" alt=\"\" height=\"570\" width=\"670\" \/><\/div><\/div><div class=\"gutentor-single-item-content\"><div class=\"gutentor-gallery-item-header\"><h3 class=\"gutentor-single-item-title\">GE Carestation 650<\/h3><a href=\"https:\/\/www.aronyaid.fi\/wp-content\/uploads\/2024\/04\/Carestation-650-hero-active-new.jpg\" class=\"image-gallery\"><i class=\"gallery-icon fas fa-search\"><\/i><\/a><\/div><div class=\"gutentor-gallery-item-desc\"><\/div><\/div><\/div><\/div><\/div><div class=\"gutentor-gallery-item grid-lg-4 grid-md-4 grid-12\"><div class=\"gutentor-single-item gutentor-image gutentor-single-item-5\"><div class=\"gutentor-gallery-item-wrap\"><div class=\"gutentor-single-item-image-box\"><div class=\"gutentor-image-thumb\"><img loading=\"lazy\" decoding=\"async\" class=\"normal-image\" src=\"https:\/\/www.aronyaid.fi\/wp-content\/uploads\/2024\/04\/GE-B650-ja-ONE-1.jpg\" alt=\"\" height=\"1200\" width=\"1200\" \/><\/div><\/div><div class=\"gutentor-single-item-content\"><div class=\"gutentor-gallery-item-header\"><h3 class=\"gutentor-single-item-title\"> GE Carescape B650 ja Carescape ONE<\/h3><a href=\"https:\/\/www.aronyaid.fi\/wp-content\/uploads\/2024\/04\/GE-B650-ja-ONE-1.jpg\" class=\"image-gallery\"><i class=\"gallery-icon fas fa-search\"><\/i><\/a><\/div><div class=\"gutentor-gallery-item-desc\"><\/div><\/div><\/div><\/div><\/div><div class=\"gutentor-gallery-item grid-lg-4 grid-md-4 grid-12\"><div class=\"gutentor-single-item gutentor-image gutentor-single-item-6\"><div class=\"gutentor-gallery-item-wrap\"><div class=\"gutentor-single-item-image-box\"><div class=\"gutentor-image-thumb\"><img loading=\"lazy\" decoding=\"async\" class=\"normal-image\" src=\"https:\/\/www.aronyaid.fi\/wp-content\/uploads\/2024\/04\/SpaceStation.jpeg\" alt=\"\" height=\"500\" width=\"333\" \/><\/div><\/div><div class=\"gutentor-single-item-content\"><div class=\"gutentor-gallery-item-header\"><h3 class=\"gutentor-single-item-title\"> B.Braun SpaceStation pumppuineen<\/h3><a href=\"https:\/\/www.aronyaid.fi\/wp-content\/uploads\/2024\/04\/SpaceStation.jpeg\" class=\"image-gallery\"><i class=\"gallery-icon fas fa-search\"><\/i><\/a><\/div><div class=\"gutentor-gallery-item-desc\"><\/div><\/div><\/div><\/div><\/div><div class=\"gutentor-gallery-item grid-lg-4 grid-md-4 grid-12\"><div class=\"gutentor-single-item gutentor-image gutentor-single-item-7\"><div class=\"gutentor-gallery-item-wrap\"><div class=\"gutentor-single-item-image-box\"><div class=\"gutentor-image-thumb\"><img loading=\"lazy\" decoding=\"async\" class=\"normal-image\" src=\"https:\/\/www.aronyaid.fi\/wp-content\/uploads\/2022\/08\/B-BRAUN-Perfusor-Space-Infusion-Pump-2.jpg\" alt=\"\" height=\"525\" width=\"806\" \/><\/div><\/div><div class=\"gutentor-single-item-content\"><div class=\"gutentor-gallery-item-header\"><h3 class=\"gutentor-single-item-title\">B.Braun Space ruiskupumppu<\/h3><a href=\"https:\/\/www.aronyaid.fi\/wp-content\/uploads\/2022\/08\/B-BRAUN-Perfusor-Space-Infusion-Pump-2.jpg\" class=\"image-gallery\"><i class=\"gallery-icon fas fa-search\"><\/i><\/a><\/div><div class=\"gutentor-gallery-item-desc\"><\/div><\/div><\/div><\/div><\/div><div class=\"gutentor-gallery-item grid-lg-4 grid-md-4 grid-12\"><div class=\"gutentor-single-item gutentor-image gutentor-single-item-8\"><div class=\"gutentor-gallery-item-wrap\"><div class=\"gutentor-single-item-image-box\"><div class=\"gutentor-image-thumb\"><img loading=\"lazy\" decoding=\"async\" class=\"normal-image\" src=\"https:\/\/www.aronyaid.fi\/wp-content\/uploads\/2024\/04\/Infusomat-space2.jpg.1600x1200_q85_remove_alpha.jpg\" alt=\"\" height=\"900\" width=\"1600\" \/><\/div><\/div><div class=\"gutentor-single-item-content\"><div class=\"gutentor-gallery-item-header\"><h3 class=\"gutentor-single-item-title\">B.Braun Space infuusiopumppu<\/h3><a href=\"https:\/\/www.aronyaid.fi\/wp-content\/uploads\/2024\/04\/Infusomat-space2.jpg.1600x1200_q85_remove_alpha.jpg\" class=\"image-gallery\"><i class=\"gallery-icon fas fa-search\"><\/i><\/a><\/div><div class=\"gutentor-gallery-item-desc\"><\/div><\/div><\/div><\/div><\/div><\/div><\/div><\/section>\n\n\n\n<h2 class=\"wp-block-heading\"><\/h2>\n","protected":false},"excerpt":{"rendered":"<p>Laitteiston hankinnoissa on panostettu luotettavuuteen, kest\u00e4vyyteen ja helppok\u00e4ytt\u00f6isyyteen Anestesiaty\u00f6asemat ovat p\u00e4\u00e4s\u00e4\u00e4nt\u00f6isesti Dr\u00e4gerin tuotteita, mutta valikoimastamme l\u00f6ytyy my\u00f6s muutama GE:n Carestation ty\u00f6asema Monitoroinnissa p\u00e4\u00e4asiallinen tuoteryhm\u00e4 on GE:n Carescape, tarkemmin Carescape B650 ja Carescape ONE Infuusiolaitteisto koostuu yksinomaan B.Braunin tuotteista<\/p>\n","protected":false},"author":1,"featured_media":0,"parent":0,"menu_order":0,"comment_status":"closed","ping_status":"closed","template":"","meta":{"footnotes":""},"class_list":["post-823","page","type-page","status-publish","hentry"],"yoast_head":"<!-- This site is optimized with the Yoast SEO plugin v27.4 - https:\/\/yoast.com\/product\/yoast-seo-wordpress\/ -->\n<title>Vuokralaitteet - AronyAid Oy<\/title>\n<meta name=\"robots\" content=\"index, follow, max-snippet:-1, max-image-preview:large, max-video-preview:-1\" \/>\n<link rel=\"canonical\" href=\"https:\/\/www.aronyaid.fi\/index.php\/vuokralaitteet\/\" \/>\n<meta property=\"og:locale\" content=\"fi_FI\" \/>\n<meta property=\"og:type\" content=\"article\" \/>\n<meta property=\"og:title\" content=\"Vuokralaitteet - AronyAid Oy\" \/>\n<meta property=\"og:description\" content=\"Laitteiston hankinnoissa on panostettu luotettavuuteen, kest\u00e4vyyteen ja helppok\u00e4ytt\u00f6isyyteen Anestesiaty\u00f6asemat ovat p\u00e4\u00e4s\u00e4\u00e4nt\u00f6isesti Dr\u00e4gerin tuotteita, mutta valikoimastamme l\u00f6ytyy my\u00f6s muutama GE:n Carestation ty\u00f6asema Monitoroinnissa p\u00e4\u00e4asiallinen tuoteryhm\u00e4 on GE:n Carescape, tarkemmin Carescape B650 ja Carescape ONE Infuusiolaitteisto koostuu yksinomaan B.Braunin tuotteista\" \/>\n<meta property=\"og:url\" content=\"https:\/\/www.aronyaid.fi\/index.php\/vuokralaitteet\/\" \/>\n<meta property=\"og:site_name\" content=\"AronyAid Oy\" \/>\n<meta property=\"article:modified_time\" content=\"2024-04-15T16:30:52+00:00\" \/>\n<meta property=\"og:image\" content=\"https:\/\/www.aronyaid.fi\/wp-content\/uploads\/2024\/04\/drager-primus-anesthesia-machine.jpg\" \/>\n<meta name=\"twitter:card\" content=\"summary_large_image\" \/>\n<meta name=\"twitter:label1\" content=\"Arvioitu lukuaika\" \/>\n\t<meta name=\"twitter:data1\" content=\"3 minuuttia\" \/>\n<script type=\"application\/ld+json\" class=\"yoast-schema-graph\">{\"@context\":\"https:\\\/\\\/schema.org\",\"@graph\":[{\"@type\":\"WebPage\",\"@id\":\"https:\\\/\\\/www.aronyaid.fi\\\/index.php\\\/vuokralaitteet\\\/\",\"url\":\"https:\\\/\\\/www.aronyaid.fi\\\/index.php\\\/vuokralaitteet\\\/\",\"name\":\"Vuokralaitteet - AronyAid Oy\",\"isPartOf\":{\"@id\":\"https:\\\/\\\/www.aronyaid.fi\\\/#website\"},\"primaryImageOfPage\":{\"@id\":\"https:\\\/\\\/www.aronyaid.fi\\\/index.php\\\/vuokralaitteet\\\/#primaryimage\"},\"image\":{\"@id\":\"https:\\\/\\\/www.aronyaid.fi\\\/index.php\\\/vuokralaitteet\\\/#primaryimage\"},\"thumbnailUrl\":\"https:\\\/\\\/www.aronyaid.fi\\\/wp-content\\\/uploads\\\/2024\\\/04\\\/drager-primus-anesthesia-machine.jpg\",\"datePublished\":\"2024-04-15T16:30:51+00:00\",\"dateModified\":\"2024-04-15T16:30:52+00:00\",\"breadcrumb\":{\"@id\":\"https:\\\/\\\/www.aronyaid.fi\\\/index.php\\\/vuokralaitteet\\\/#breadcrumb\"},\"inLanguage\":\"fi\",\"potentialAction\":[{\"@type\":\"ReadAction\",\"target\":[\"https:\\\/\\\/www.aronyaid.fi\\\/index.php\\\/vuokralaitteet\\\/\"]}]},{\"@type\":\"ImageObject\",\"inLanguage\":\"fi\",\"@id\":\"https:\\\/\\\/www.aronyaid.fi\\\/index.php\\\/vuokralaitteet\\\/#primaryimage\",\"url\":\"https:\\\/\\\/www.aronyaid.fi\\\/wp-content\\\/uploads\\\/2024\\\/04\\\/drager-primus-anesthesia-machine.jpg\",\"contentUrl\":\"https:\\\/\\\/www.aronyaid.fi\\\/wp-content\\\/uploads\\\/2024\\\/04\\\/drager-primus-anesthesia-machine.jpg\"},{\"@type\":\"BreadcrumbList\",\"@id\":\"https:\\\/\\\/www.aronyaid.fi\\\/index.php\\\/vuokralaitteet\\\/#breadcrumb\",\"itemListElement\":[{\"@type\":\"ListItem\",\"position\":1,\"name\":\"Etusivu\",\"item\":\"https:\\\/\\\/www.aronyaid.fi\\\/\"},{\"@type\":\"ListItem\",\"position\":2,\"name\":\"Vuokralaitteet\"}]},{\"@type\":\"WebSite\",\"@id\":\"https:\\\/\\\/www.aronyaid.fi\\\/#website\",\"url\":\"https:\\\/\\\/www.aronyaid.fi\\\/\",\"name\":\"AronyAid Oy\",\"description\":\"Anestesiapalvelut ja tehohoito\",\"publisher\":{\"@id\":\"https:\\\/\\\/www.aronyaid.fi\\\/#organization\"},\"potentialAction\":[{\"@type\":\"SearchAction\",\"target\":{\"@type\":\"EntryPoint\",\"urlTemplate\":\"https:\\\/\\\/www.aronyaid.fi\\\/?s={search_term_string}\"},\"query-input\":{\"@type\":\"PropertyValueSpecification\",\"valueRequired\":true,\"valueName\":\"search_term_string\"}}],\"inLanguage\":\"fi\"},{\"@type\":\"Organization\",\"@id\":\"https:\\\/\\\/www.aronyaid.fi\\\/#organization\",\"name\":\"AronyAid Oy\",\"url\":\"https:\\\/\\\/www.aronyaid.fi\\\/\",\"logo\":{\"@type\":\"ImageObject\",\"inLanguage\":\"fi\",\"@id\":\"https:\\\/\\\/www.aronyaid.fi\\\/#\\\/schema\\\/logo\\\/image\\\/\",\"url\":\"https:\\\/\\\/www.aronyaid.fi\\\/wp-content\\\/uploads\\\/2021\\\/08\\\/cropped-AronyAid-valge-kitsas-logo-1-scaled-1.jpg\",\"contentUrl\":\"https:\\\/\\\/www.aronyaid.fi\\\/wp-content\\\/uploads\\\/2021\\\/08\\\/cropped-AronyAid-valge-kitsas-logo-1-scaled-1.jpg\",\"width\":2560,\"height\":828,\"caption\":\"AronyAid Oy\"},\"image\":{\"@id\":\"https:\\\/\\\/www.aronyaid.fi\\\/#\\\/schema\\\/logo\\\/image\\\/\"}}]}<\/script>\n<!-- \/ Yoast SEO plugin. -->","yoast_head_json":{"title":"Vuokralaitteet - AronyAid Oy","robots":{"index":"index","follow":"follow","max-snippet":"max-snippet:-1","max-image-preview":"max-image-preview:large","max-video-preview":"max-video-preview:-1"},"canonical":"https:\/\/www.aronyaid.fi\/index.php\/vuokralaitteet\/","og_locale":"fi_FI","og_type":"article","og_title":"Vuokralaitteet - AronyAid Oy","og_description":"Laitteiston hankinnoissa on panostettu luotettavuuteen, kest\u00e4vyyteen ja helppok\u00e4ytt\u00f6isyyteen Anestesiaty\u00f6asemat ovat p\u00e4\u00e4s\u00e4\u00e4nt\u00f6isesti Dr\u00e4gerin tuotteita, mutta valikoimastamme l\u00f6ytyy my\u00f6s muutama GE:n Carestation ty\u00f6asema Monitoroinnissa p\u00e4\u00e4asiallinen tuoteryhm\u00e4 on GE:n Carescape, tarkemmin Carescape B650 ja Carescape ONE Infuusiolaitteisto koostuu yksinomaan B.Braunin tuotteista","og_url":"https:\/\/www.aronyaid.fi\/index.php\/vuokralaitteet\/","og_site_name":"AronyAid Oy","article_modified_time":"2024-04-15T16:30:52+00:00","og_image":[{"url":"https:\/\/www.aronyaid.fi\/wp-content\/uploads\/2024\/04\/drager-primus-anesthesia-machine.jpg","type":"","width":"","height":""}],"twitter_card":"summary_large_image","twitter_misc":{"Arvioitu lukuaika":"3 minuuttia"},"schema":{"@context":"https:\/\/schema.org","@graph":[{"@type":"WebPage","@id":"https:\/\/www.aronyaid.fi\/index.php\/vuokralaitteet\/","url":"https:\/\/www.aronyaid.fi\/index.php\/vuokralaitteet\/","name":"Vuokralaitteet - AronyAid Oy","isPartOf":{"@id":"https:\/\/www.aronyaid.fi\/#website"},"primaryImageOfPage":{"@id":"https:\/\/www.aronyaid.fi\/index.php\/vuokralaitteet\/#primaryimage"},"image":{"@id":"https:\/\/www.aronyaid.fi\/index.php\/vuokralaitteet\/#primaryimage"},"thumbnailUrl":"https:\/\/www.aronyaid.fi\/wp-content\/uploads\/2024\/04\/drager-primus-anesthesia-machine.jpg","datePublished":"2024-04-15T16:30:51+00:00","dateModified":"2024-04-15T16:30:52+00:00","breadcrumb":{"@id":"https:\/\/www.aronyaid.fi\/index.php\/vuokralaitteet\/#breadcrumb"},"inLanguage":"fi","potentialAction":[{"@type":"ReadAction","target":["https:\/\/www.aronyaid.fi\/index.php\/vuokralaitteet\/"]}]},{"@type":"ImageObject","inLanguage":"fi","@id":"https:\/\/www.aronyaid.fi\/index.php\/vuokralaitteet\/#primaryimage","url":"https:\/\/www.aronyaid.fi\/wp-content\/uploads\/2024\/04\/drager-primus-anesthesia-machine.jpg","contentUrl":"https:\/\/www.aronyaid.fi\/wp-content\/uploads\/2024\/04\/drager-primus-anesthesia-machine.jpg"},{"@type":"BreadcrumbList","@id":"https:\/\/www.aronyaid.fi\/index.php\/vuokralaitteet\/#breadcrumb","itemListElement":[{"@type":"ListItem","position":1,"name":"Etusivu","item":"https:\/\/www.aronyaid.fi\/"},{"@type":"ListItem","position":2,"name":"Vuokralaitteet"}]},{"@type":"WebSite","@id":"https:\/\/www.aronyaid.fi\/#website","url":"https:\/\/www.aronyaid.fi\/","name":"AronyAid Oy","description":"Anestesiapalvelut ja tehohoito","publisher":{"@id":"https:\/\/www.aronyaid.fi\/#organization"},"potentialAction":[{"@type":"SearchAction","target":{"@type":"EntryPoint","urlTemplate":"https:\/\/www.aronyaid.fi\/?s={search_term_string}"},"query-input":{"@type":"PropertyValueSpecification","valueRequired":true,"valueName":"search_term_string"}}],"inLanguage":"fi"},{"@type":"Organization","@id":"https:\/\/www.aronyaid.fi\/#organization","name":"AronyAid Oy","url":"https:\/\/www.aronyaid.fi\/","logo":{"@type":"ImageObject","inLanguage":"fi","@id":"https:\/\/www.aronyaid.fi\/#\/schema\/logo\/image\/","url":"https:\/\/www.aronyaid.fi\/wp-content\/uploads\/2021\/08\/cropped-AronyAid-valge-kitsas-logo-1-scaled-1.jpg","contentUrl":"https:\/\/www.aronyaid.fi\/wp-content\/uploads\/2021\/08\/cropped-AronyAid-valge-kitsas-logo-1-scaled-1.jpg","width":2560,"height":828,"caption":"AronyAid Oy"},"image":{"@id":"https:\/\/www.aronyaid.fi\/#\/schema\/logo\/image\/"}}]}},"jetpack_sharing_enabled":true,"_links":{"self":[{"href":"https:\/\/www.aronyaid.fi\/index.php\/wp-json\/wp\/v2\/pages\/823","targetHints":{"allow":["GET"]}}],"collection":[{"href":"https:\/\/www.aronyaid.fi\/index.php\/wp-json\/wp\/v2\/pages"}],"about":[{"href":"https:\/\/www.aronyaid.fi\/index.php\/wp-json\/wp\/v2\/types\/page"}],"author":[{"embeddable":true,"href":"https:\/\/www.aronyaid.fi\/index.php\/wp-json\/wp\/v2\/users\/1"}],"replies":[{"embeddable":true,"href":"https:\/\/www.aronyaid.fi\/index.php\/wp-json\/wp\/v2\/comments?post=823"}],"version-history":[{"count":8,"href":"https:\/\/www.aronyaid.fi\/index.php\/wp-json\/wp\/v2\/pages\/823\/revisions"}],"predecessor-version":[{"id":842,"href":"https:\/\/www.aronyaid.fi\/index.php\/wp-json\/wp\/v2\/pages\/823\/revisions\/842"}],"wp:attachment":[{"href":"https:\/\/www.aronyaid.fi\/index.php\/wp-json\/wp\/v2\/media?parent=823"}],"curies":[{"name":"wp","href":"https:\/\/api.w.org\/{rel}","templated":true}]}}